{"id":3602,"date":"2021-05-18T15:25:21","date_gmt":"2021-05-18T15:25:21","guid":{"rendered":"https:\/\/2021.worldpartnershipwalk.com\/contact-us\/"},"modified":"2022-03-31T17:52:33","modified_gmt":"2022-03-31T17:52:33","slug":"contact-us","status":"publish","type":"page","link":"https:\/\/www.worldpartnershipwalk.com\/fr\/contact-us\/","title":{"rendered":"Contactez-nous"},"content":{"rendered":"<div class=\"wpb-content-wrapper\"><p>[vc_row][vc_column][vc_custom_heading text=\u00a0\u00bbContactez-nous!\u00a0\u00bb font_container=\u00a0\u00bbtag:h2|font_size:30|text_align:center\u00a0\u00bb google_fonts=\u00a0\u00bbfont_family:Poppins%3Aregular|font_style:700%20bold%20regular%3A700%3Anormal\u00a0\u00bb][vc_column_text]<\/p>\n<p style=\"text-align: center;\">Vous pouvez peut \u00eatre trouver ce que vous cherchez dans la section des questions fr\u00e9quemment pos\u00e9es au bas de la page. Alternativement, les diff\u00e9rentes fa\u00e7ons de nous contacter sont ci-dessous, ce qui inclut notre <a href=\"https:\/\/helpdesk.worldpartnershipwalk.com\/?language=Fran%C3%A7ais#\">service d&rsquo;assistance pour le support technique<\/a>.<\/p>\n<p>[\/vc_column_text][vc_empty_space height=\u00a0\u00bb18px\u00a0\u00bb][\/vc_column][\/vc_row][vc_row full_width=\u00a0\u00bbstretch_row_content\u00a0\u00bb][vc_column][vc_separator][vc_empty_space][\/vc_column][\/vc_row][vc_row][vc_column width=\u00a0\u00bb1\/4&Prime;][vc_icon type=\u00a0\u00bbtypicons\u00a0\u00bb icon_typicons=\u00a0\u00bbtypcn typcn-device-laptop\u00a0\u00bb color=\u00a0\u00bbcustom\u00a0\u00bb size=\u00a0\u00bbxl\u00a0\u00bb align=\u00a0\u00bbcenter\u00a0\u00bb custom_color=\u00a0\u00bb#76849e\u00a0\u00bb][vc_column_text]<\/p>\n<p style=\"text-align: center;\">Avez-vous besoin d&rsquo;assistance technique? <a href=\"https:\/\/helpdesk.worldpartnershipwalk.com\/?language=Fran%C3%A7ais#\">Faites une demande d&rsquo;assistance aupr\u00e8s de notre service de support technique!<\/a><\/p>\n<p>[\/vc_column_text][\/vc_column][vc_column width=\u00a0\u00bb1\/4&Prime;][vc_icon type=\u00a0\u00bblinecons\u00a0\u00bb icon_linecons=\u00a0\u00bbvc_li vc_li-shop\u00a0\u00bb color=\u00a0\u00bbcustom\u00a0\u00bb size=\u00a0\u00bbxl\u00a0\u00bb align=\u00a0\u00bbcenter\u00a0\u00bb custom_color=\u00a0\u00bb#76849e\u00a0\u00bb][vc_column_text]<\/p>\n<p style=\"text-align: center;\">199 Sussex Drive, Ottawa, Canada, K1N 1K6<\/p>\n<p>[\/vc_column_text][\/vc_column][vc_column width=\u00a0\u00bb1\/4&Prime;][vc_icon type=\u00a0\u00bblinecons\u00a0\u00bb icon_linecons=\u00a0\u00bbvc_li vc_li-mail\u00a0\u00bb color=\u00a0\u00bbcustom\u00a0\u00bb size=\u00a0\u00bbxl\u00a0\u00bb align=\u00a0\u00bbcenter\u00a0\u00bb custom_color=\u00a0\u00bb#76849e\u00a0\u00bb][vc_column_text]<\/p>\n<p style=\"text-align: center;\"><a href=\"mailto:info@worldpartnershipwalk.com\">info@worldpartnershipwalk.com<\/a><\/p>\n<p>[\/vc_column_text][\/vc_column][vc_column width=\u00a0\u00bb1\/4&Prime;][vc_icon type=\u00a0\u00bblinecons\u00a0\u00bb icon_linecons=\u00a0\u00bbvc_li vc_li-phone\u00a0\u00bb color=\u00a0\u00bbcustom\u00a0\u00bb size=\u00a0\u00bbxl\u00a0\u00bb align=\u00a0\u00bbcenter\u00a0\u00bb custom_color=\u00a0\u00bb#76849e\u00a0\u00bb][vc_column_text]<\/p>\n<p style=\"text-align: center;\">1-800-267-2532 poste 142<\/p>\n<p>&nbsp;[\/vc_column_text][\/vc_column][\/vc_row][vc_row][vc_column][vc_empty_space height=\u00a0\u00bb18px\u00a0\u00bb][vc_separator][vc_empty_space height=\u00a0\u00bb18px\u00a0\u00bb][\/vc_column][\/vc_row][vc_row][vc_column width=\u00a0\u00bb1\/5&Prime;][\/vc_column][vc_column width=\u00a0\u00bb1\/5&Prime;][vc_icon icon_fontawesome=\u00a0\u00bbfab fa-facebook-square\u00a0\u00bb color=\u00a0\u00bbcustom\u00a0\u00bb size=\u00a0\u00bblg\u00a0\u00bb align=\u00a0\u00bbcenter\u00a0\u00bb custom_color=\u00a0\u00bb#76849e\u00a0\u00bb link=\u00a0\u00bburl:https%3A%2F%2Fwww.facebook.com%2Fwpwalk\u00a0\u00bb][\/vc_column][vc_column width=\u00a0\u00bb1\/5&Prime;][vc_icon icon_fontawesome=\u00a0\u00bbfab fa-twitter-square\u00a0\u00bb color=\u00a0\u00bbcustom\u00a0\u00bb size=\u00a0\u00bblg\u00a0\u00bb align=\u00a0\u00bbcenter\u00a0\u00bb custom_color=\u00a0\u00bb#76849e\u00a0\u00bb link=\u00a0\u00bburl:https%3A%2F%2Ftwitter.com%2FWPWalk\u00a0\u00bb][\/vc_column][vc_column width=\u00a0\u00bb1\/5&Prime;][vc_icon icon_fontawesome=\u00a0\u00bbfab fa-instagram\u00a0\u00bb color=\u00a0\u00bbcustom\u00a0\u00bb size=\u00a0\u00bblg\u00a0\u00bb align=\u00a0\u00bbcenter\u00a0\u00bb custom_color=\u00a0\u00bb#76849e\u00a0\u00bb link=\u00a0\u00bburl:https%3A%2F%2Fwww.instagram.com%2Fwpwalk%2F\u00a0\u00bb][\/vc_column][vc_column width=\u00a0\u00bb1\/5&Prime;][\/vc_column][\/vc_row][vc_row][vc_column][vc_empty_space][\/vc_column][\/vc_row][vc_row full_width=\u00a0\u00bbstretch_row\u00a0\u00bb css=\u00a0\u00bb.vc_custom_1622057082168{background-color: #c4cad5 !important;}\u00a0\u00bb][vc_column][vc_empty_space][vc_custom_heading text=\u00a0\u00bbQuestions fr\u00e9quemment pos\u00e9es\u00a0\u00bb font_container=\u00a0\u00bbtag:h2|font_size:30|text_align:center\u00a0\u00bb google_fonts=\u00a0\u00bbfont_family:Poppins%3Aregular|font_style:700%20bold%20regular%3A700%3Anormal\u00a0\u00bb][vc_empty_space][vc_tta_accordion style=\u00a0\u00bbmodern\u00a0\u00bb color=\u00a0\u00bbwhite\u00a0\u00bb c_icon=\u00a0\u00bbtriangle\u00a0\u00bb active_section=\u00a0\u00bb1&Prime;][vc_tta_section title=\u00a0\u00bbComment puis-je joindre une \u00e9quipe ?\u00a0\u00bb tab_id=\u00a0\u00bb1621267039583-497053e8-0e21&Prime;][vc_column_text]Vous pouvez rejoindre une \u00e9quipe de deux mani\u00e8res diff\u00e9rentes :<\/p>\n<ol>\n<li>Cliquez sur \u00ab S&rsquo;inscrire \u00bb et choisissez le bouton \u00ab Rejoindre une \u00e9quipe \u00bb. Recherchez ensuite l&rsquo;\u00e9quipe que vous souhaitez rejoindre et terminez le processus d&rsquo;inscription.<\/li>\n<li>Cliquez sur \u00ab Faire un don \u00bb et recherchez l&rsquo;\u00e9quipe que vous souhaitez rejoindre, puis s\u00e9lectionnez le bouton \u00ab Rejoindre l&rsquo;\u00e9quipe \u00bb sur la page de l&rsquo;\u00e9quipe.<\/li>\n<\/ol>\n<p>[\/vc_column_text][\/vc_tta_section][vc_tta_section title=\u00a0\u00bbQue faire si je ne me souviens pas de mon nom d&rsquo;utilisateur ou de mon mot de passe ?\u00a0\u00bb tab_id=\u00a0\u00bb1621267039605-af36fe37-6e19&Prime;][vc_column_text]Si vous rencontrez des difficult\u00e9s pour r\u00e9cup\u00e9rer votre nom d&rsquo;utilisateur et votre mot de passe, cliquez sur \u00ab\u00a0Connexion\u00a0\u00bb en haut de l&rsquo;\u00e9cran et s\u00e9lectionnez\u00a0Nom d&rsquo;utilisateur\u00a0oubli\u00e9\u00a0et saisissez l&rsquo;adresse e-mail utilis\u00e9e l&rsquo;ann\u00e9e derni\u00e8re. Une fois que vous aurez re\u00e7u cet e-mail, vous pourrez s\u00e9lectionner le lien. Si vous avez oubli\u00e9 votre mot de passe et vous recevrez un e-mail avec un lien pour r\u00e9initialiser votre mot de passe.[\/vc_column_text][\/vc_tta_section][vc_tta_section title=\u00a0\u00bbPuis-je faire un don hors ligne ?\u00a0\u00bb tab_id=\u00a0\u00bb1621267968545-f41e305c-5063&Prime;][vc_column_text]Oui! Vous pouvez faire un don hors ligne via les m\u00e9thodes suivantes\u00a0:<\/p>\n<ol>\n<li>En postant votre paiement \u00e0 AKFC \u00e0 Ottawa. Les ch\u00e8ques et les mandats doivent \u00eatre libell\u00e9s \u00e0 l&rsquo;ordre de : Fondation Aga Khan Canada et post\u00e9s au 199, promenade Sussex, Ottawa ON, K1N 1K6. Veuillez vous assurer d&rsquo;indiquer : WPW sur la ligne m\u00e9mo du ch\u00e8que.<\/li>\n<li>Par carte de cr\u00e9dit : les donateurs peuvent contacter le service des donateurs, par t\u00e9l\u00e9phone au 1-800-267-2532 x191 ou par courriel \u00e0 <a href=\"mailto:akfc.donorsevices@akdn.org\">akfc.donorsevices@akdn.org<\/a><\/li>\n<li>En contribuant \u00e0 des titres cot\u00e9s et n\u00e9goci\u00e9s en bourse : les donateurs peuvent contacter le service Donor Services, par t\u00e9l\u00e9phone au 1-800-267-2532 x191 ou par e-mail \u00e0\u00a0<a href=\"mailto:akfc.donorservices@akdn.org\">akfc.donorservices@akdn.org<\/a><\/li>\n<\/ol>\n<p>[\/vc_column_text][\/vc_tta_section][\/vc_tta_accordion][vc_empty_space][\/vc_column][\/vc_row]<\/p>\n<\/div>","protected":false},"excerpt":{"rendered":"<p>[vc_row][vc_column][vc_custom_heading text=\u00a0\u00bbContactez-nous!\u00a0\u00bb font_container=\u00a0\u00bbtag:h2|font_size:30|text_align:center\u00a0\u00bb google_fonts=\u00a0\u00bbfont_family:Poppins%3Aregular|font_style:700%20bold%20regular%3A700%3Anormal\u00a0\u00bb][vc_column_text] Vous pouvez peut \u00eatre trouver ce que vous cherchez dans la section des questions fr\u00e9quemment pos\u00e9es\u2026<\/p>\n","protected":false},"author":4,"featured_media":0,"parent":0,"menu_order":0,"comment_status":"closed","ping_status":"closed","template":"","meta":{"footnotes":""},"class_list":["post-3602","page","type-page","status-publish","hentry"],"_links":{"self":[{"href":"https:\/\/www.worldpartnershipwalk.com\/fr\/wp-json\/wp\/v2\/pages\/3602","targetHints":{"allow":["GET"]}}],"collection":[{"href":"https:\/\/www.worldpartnershipwalk.com\/fr\/wp-json\/wp\/v2\/pages"}],"about":[{"href":"https:\/\/www.worldpartnershipwalk.com\/fr\/wp-json\/wp\/v2\/types\/page"}],"author":[{"embeddable":true,"href":"https:\/\/www.worldpartnershipwalk.com\/fr\/wp-json\/wp\/v2\/users\/4"}],"replies":[{"embeddable":true,"href":"https:\/\/www.worldpartnershipwalk.com\/fr\/wp-json\/wp\/v2\/comments?post=3602"}],"version-history":[{"count":14,"href":"https:\/\/www.worldpartnershipwalk.com\/fr\/wp-json\/wp\/v2\/pages\/3602\/revisions"}],"predecessor-version":[{"id":6511,"href":"https:\/\/www.worldpartnershipwalk.com\/fr\/wp-json\/wp\/v2\/pages\/3602\/revisions\/6511"}],"wp:attachment":[{"href":"https:\/\/www.worldpartnershipwalk.com\/fr\/wp-json\/wp\/v2\/media?parent=3602"}],"curies":[{"name":"wp","href":"https:\/\/api.w.org\/{rel}","templated":true}]}}