{"id":3607,"date":"2021-05-18T15:27:03","date_gmt":"2021-05-18T15:27:03","guid":{"rendered":"https:\/\/2021.worldpartnershipwalk.com\/fundraise-my-way\/"},"modified":"2022-05-02T14:20:35","modified_gmt":"2022-05-02T14:20:35","slug":"fundraise-my-way","status":"publish","type":"page","link":"https:\/\/www.worldpartnershipwalk.com\/fr\/fundraise-my-way\/","title":{"rendered":"Ma campagne \u00e0 ma fa\u00e7on"},"content":{"rendered":"<div class=\"wpb-content-wrapper\"><p>[vc_row][vc_column][vc_custom_heading text=\u00a0\u00bbDonnez un but \u00e0 votre passion en la transformant en une collecte de fonds \u00e0 votre fa\u00e7on!\u00a0\u00bb font_container=\u00a0\u00bbtag:h2|text_align:center\u00a0\u00bb google_fonts=\u00a0\u00bbfont_family:Poppins%3Aregular|font_style:700%20bold%20regular%3A700%3Anormal\u00a0\u00bb][vc_empty_space height=\u00a0\u00bb25px\u00a0\u00bb][vc_column_text]<\/p>\n<p style=\"text-align: center;\">Vous envisagez d\u2019organiser une collecte de fonds pour soutenir la Marche des partenaires mondiaux? Organiser des activit\u00e9s pour collecter des fonds est une excellente fa\u00e7on d\u2019impliquer votre famille, vos amis et vos coll\u00e8gues dans la lutte contre la pauvret\u00e9 dans le monde. C\u2019est l\u2019occasion de mettre en ligne votre talent ou un passe-temps qui vous passionne et de faire une diff\u00e9rence positive dans la vie de millions de personnes.<\/p>\n<p>[\/vc_column_text][\/vc_column][\/vc_row][vc_row][vc_column][vc_empty_space height=\u00a0\u00bb75px\u00a0\u00bb][\/vc_column][\/vc_row][vc_section full_width=\u00a0\u00bbstretch_row\u00a0\u00bb css=\u00a0\u00bb.vc_custom_1621291184673{background-color: #fafafa !important;}\u00a0\u00bb][vc_row][vc_column][vc_custom_heading text=\u00a0\u00bbQuelques id\u00e9es pour vous aider \u00e0 commencer\u00a0\u00bb font_container=\u00a0\u00bbtag:h2|text_align:center\u00a0\u00bb google_fonts=\u00a0\u00bbfont_family:Poppins%3Aregular|font_style:700%20bold%20regular%3A700%3Anormal\u00a0\u00bb][vc_empty_space][vc_row_inner][vc_column_inner width=\u00a0\u00bb1\/3&Prime;][vc_single_image image=\u00a0\u00bb3856&Prime; img_size=\u00a0\u00bblarge\u00a0\u00bb alignment=\u00a0\u00bbcenter\u00a0\u00bb style=\u00a0\u00bbvc_box_rounded\u00a0\u00bb][vc_custom_heading text=\u00a0\u00bbDiffusez votre passe-temps\u00a0\u00bb font_container=\u00a0\u00bbtag:h3|text_align:center\u00a0\u00bb google_fonts=\u00a0\u00bbfont_family:Poppins%3Aregular|font_style:700%20bold%20regular%3A700%3Anormal\u00a0\u00bb][vc_column_text]<\/p>\n<p style=\"text-align: center;\">Que vous choisissiez de jouer \u00e0 des jeux vid\u00e9o sur Twitch, de diffuser en direct un spectacle de musique ou de com\u00e9die, d\u2019animer un tutoriel en ligne ou de cr\u00e9er du contenu sur YouTube, demandez \u00e0 votre communaut\u00e9 virtuelle de vous suivre et de soutenir votre campagne de collecte de fonds en faisant un don.<\/p>\n<p>[\/vc_column_text][\/vc_column_inner][vc_column_inner width=\u00a0\u00bb1\/3&Prime;][vc_single_image image=\u00a0\u00bb3854&Prime; img_size=\u00a0\u00bblarge\u00a0\u00bb alignment=\u00a0\u00bbcenter\u00a0\u00bb style=\u00a0\u00bbvc_box_rounded\u00a0\u00bb][vc_custom_heading text=\u00a0\u00bbCours de cuisines\u00a0\u00bb font_container=\u00a0\u00bbtag:h3|text_align:center\u00a0\u00bb google_fonts=\u00a0\u00bbfont_family:Poppins%3Aregular|font_style:700%20bold%20regular%3A700%3Anormal\u00a0\u00bb][vc_column_text]<\/p>\n<p style=\"text-align: center;\">Faites un pas en avant gr\u00e2ce \u00e0 vos comp\u00e9tences de cuisine! Invitez vos amis, votre famille ou vos coll\u00e8gues \u00e0 faire un don et \u00e0 suivre une \u00e9mission en direct pour apprendre votre recette originale. Plus on est de fous, plus on rit!<\/p>\n<p>[\/vc_column_text][\/vc_column_inner][vc_column_inner width=\u00a0\u00bb1\/3&Prime;][vc_single_image image=\u00a0\u00bb3858&Prime; img_size=\u00a0\u00bblarge\u00a0\u00bb alignment=\u00a0\u00bbcenter\u00a0\u00bb style=\u00a0\u00bbvc_box_rounded\u00a0\u00bb][vc_custom_heading text=\u00a0\u00bbCours de yoga ou d\u2019entra\u00eenement\u00a0\u00bb font_container=\u00a0\u00bbtag:h3|text_align:center\u00a0\u00bb google_fonts=\u00a0\u00bbfont_family:Poppins%3Aregular|font_style:700%20bold%20regular%3A700%3Anormal\u00a0\u00bb][vc_column_text]<\/p>\n<p style=\"text-align: center;\">Dirigez un cours de yoga ou d\u2019entra\u00eenement en ligne et faites bouger vos amis, votre famille et la communaut\u00e9 en leur demandant de se connecter en ligne et de faire un don pour participer.<\/p>\n<p>[\/vc_column_text][\/vc_column_inner][\/vc_row_inner][vc_empty_space][vc_row_inner][vc_column_inner width=\u00a0\u00bb1\/6&Prime;][\/vc_column_inner][vc_column_inner width=\u00a0\u00bb2\/3&Prime;][vc_cta h2=\u00a0\u00bbPr\u00eat(e) \u00e0 commencer?\u00a0\u00bb h2_font_container=\u00a0\u00bbtag:h2|text_align:center\u00a0\u00bb h2_google_fonts=\u00a0\u00bbfont_family:Poppins%3Aregular|font_style:700%20bold%20regular%3A700%3Anormal\u00a0\u00bb txt_align=\u00a0\u00bbcenter\u00a0\u00bb add_button=\u00a0\u00bbbottom\u00a0\u00bb btn_title=\u00a0\u00bbT\u00e9l\u00e9chargez le guide Ma campage \u00e0 ma fa\u00e7on\u00a0\u00bb btn_style=\u00a0\u00bbcustom\u00a0\u00bb btn_custom_background=\u00a0\u00bb#f37121&Prime; btn_custom_text=\u00a0\u00bb#ffffff\u00a0\u00bb btn_size=\u00a0\u00bblg\u00a0\u00bb btn_align=\u00a0\u00bbcenter\u00a0\u00bb use_custom_fonts_h2=\u00a0\u00bbtrue\u00a0\u00bb css=\u00a0\u00bb.vc_custom_1651501114143{background-color: #ffffff !important;}\u00a0\u00bb btn_link=\u00a0\u00bburl:https%3A%2F%2Fbit.ly%2F3LtOUyM\u00a0\u00bb]<\/p>\n<p style=\"text-align: center;\">Consultez notre guide \u00ab\u00a0Ma campagne \u00e0 ma fa\u00e7on\u00a0\u00bb pour plus d\u2019exemples et de conseils. Vous y trouverez \u00e9galement cinq \u00e9tapes faciles pour faire de votre collecte de fonds virtuelle un succ\u00e8s!<\/p>\n<p>[\/vc_cta][\/vc_column_inner][vc_column_inner width=\u00a0\u00bb1\/6&Prime;][\/vc_column_inner][\/vc_row_inner][vc_empty_space height=\u00a0\u00bb50px\u00a0\u00bb][\/vc_column][\/vc_row][\/vc_section][vc_row][vc_column][vc_custom_heading text=\u00a0\u00bbVous voulez nous envoyer les fonds que vous avez recueillis lors d\u2019une de vos collectes?\u00a0\u00bb font_container=\u00a0\u00bbtag:h3|text_align:center\u00a0\u00bb google_fonts=\u00a0\u00bbfont_family:Poppins%3Aregular|font_style:700%20bold%20regular%3A700%3Anormal\u00a0\u00bb][vc_btn title=\u00a0\u00bbNous envoyer vos fonds de collecte\u00a0\u00bb style=\u00a0\u00bbcustom\u00a0\u00bb custom_background=\u00a0\u00bb#f37121&Prime; custom_text=\u00a0\u00bb#ffffff\u00a0\u00bb align=\u00a0\u00bbcenter\u00a0\u00bb][\/vc_column][\/vc_row]<\/p>\n<\/div>","protected":false},"excerpt":{"rendered":"<p>[vc_row][vc_column][vc_custom_heading text=\u00a0\u00bbDonnez un but \u00e0 votre passion en la transformant en une collecte de fonds \u00e0 votre fa\u00e7on!\u00a0\u00bb font_container=\u00a0\u00bbtag:h2|text_align:center\u00a0\u00bb google_fonts=\u00a0\u00bbfont_family:Poppins%3Aregular|font_style:700%20bold%20regular%3A700%3Anormal\u00a0\u00bb][vc_empty_space\u2026<\/p>\n","protected":false},"author":2,"featured_media":0,"parent":0,"menu_order":0,"comment_status":"closed","ping_status":"closed","template":"","meta":{"footnotes":""},"class_list":["post-3607","page","type-page","status-publish","hentry"],"_links":{"self":[{"href":"https:\/\/www.worldpartnershipwalk.com\/fr\/wp-json\/wp\/v2\/pages\/3607","targetHints":{"allow":["GET"]}}],"collection":[{"href":"https:\/\/www.worldpartnershipwalk.com\/fr\/wp-json\/wp\/v2\/pages"}],"about":[{"href":"https:\/\/www.worldpartnershipwalk.com\/fr\/wp-json\/wp\/v2\/types\/page"}],"author":[{"embeddable":true,"href":"https:\/\/www.worldpartnershipwalk.com\/fr\/wp-json\/wp\/v2\/users\/2"}],"replies":[{"embeddable":true,"href":"https:\/\/www.worldpartnershipwalk.com\/fr\/wp-json\/wp\/v2\/comments?post=3607"}],"version-history":[{"count":15,"href":"https:\/\/www.worldpartnershipwalk.com\/fr\/wp-json\/wp\/v2\/pages\/3607\/revisions"}],"predecessor-version":[{"id":6778,"href":"https:\/\/www.worldpartnershipwalk.com\/fr\/wp-json\/wp\/v2\/pages\/3607\/revisions\/6778"}],"wp:attachment":[{"href":"https:\/\/www.worldpartnershipwalk.com\/fr\/wp-json\/wp\/v2\/media?parent=3607"}],"curies":[{"name":"wp","href":"https:\/\/api.w.org\/{rel}","templated":true}]}}