{"id":3616,"date":"2021-05-18T15:29:16","date_gmt":"2021-05-18T15:29:16","guid":{"rendered":"https:\/\/2021.worldpartnershipwalk.com\/impact\/"},"modified":"2026-03-02T19:20:33","modified_gmt":"2026-03-02T19:20:33","slug":"impact","status":"publish","type":"page","link":"https:\/\/www.worldpartnershipwalk.com\/fr\/impact\/","title":{"rendered":"L&rsquo;impact"},"content":{"rendered":"<div class=\"wpb-content-wrapper\"><p>[vc_row css=\u00a0\u00bb.vc_custom_1677787285001{margin-top: -50px !important;}\u00a0\u00bb][vc_column][vc_column_text css=\u00a0\u00bb\u00a0\u00bb]<\/p>\n<p style=\"text-align: left;\">La Marche des partenaires mondiaux est l\u2019histoire de Canadiens et de Canadiennes \u00e0 l\u2019avant-garde du changement. Nos b\u00e9n\u00e9voles, collecteurs de fonds, donateurs et commanditaires ont fait des pas en avant ann\u00e9e apr\u00e8s ann\u00e9e pour avoir un impact r\u00e9el et durable \u00e0 l\u2019\u00e9chelle mondiale. Les plus de <strong>145 millions de dollars<\/strong> amass\u00e9s \u00e0 ce jour ont contribu\u00e9 directement \u00e0 plus de <strong>180 initiatives dans 15 pays<\/strong>, des initiatives qui ont r\u00e9duit la pauvret\u00e9 et\u00a0<strong>am\u00e9lior\u00e9 la qualit\u00e9 de vie de millions de personnes en Afrique et en Asie.<\/strong><\/p>\n<p>Les fonds recueillis par le biais de la Marche ont\u00a0<strong>activ\u00e9 un soutien\u00a0<\/strong>de la part du gouvernement du Canada et d\u2019autres partenaires, ce qui a aid\u00e9 nos programmes \u00e0 toucher un plus grand nombre de personnes, \u00e0 aborder des priorit\u00e9s communes aux Canadiens, \u00e0 faire appel \u00e0 l\u2019expertise canadienne et \u00e0 partager des le\u00e7ons et des pratiques exemplaires en vue de r\u00e9pondre au probl\u00e8me de la pauvret\u00e9 dans le monde. Chaque ann\u00e9e, nous mobilisons des milliers de Canadiens et de Canadiennesdans le cadre de la Marche des partenaires mondiaux. La Marche nous permet de recueillir des fonds, mais \u00e9galement de conscientiser les gens, de b\u00e2tir les connaissances et d\u2019inspirer les Canadiens \u00e0 passer \u00e0 l\u2019action dans la lutte contre la pauvret\u00e9 dans le monde.<\/p>\n<p><strong>Nous avons tr\u00e8s h\u00e2te de voir ce que nous r\u00e9aliserons ensemble dans les ann\u00e9es \u00e0 venir!<\/strong>[\/vc_column_text][vc_empty_space][vc_empty_space][vc_custom_heading text=\u00a0\u00bbRapport d&rsquo;impact 2025 \u00e0 venir\u00a0\u00bb font_container=\u00a0\u00bbtag:h2|text_align:center\u00a0\u00bb google_fonts=\u00a0\u00bbfont_family:Poppins%3Aregular|font_style:700%20bold%20regular%3A700%3Anormal\u00a0\u00bb css=\u00a0\u00bb.vc_custom_1772479230039{margin-top: -50px !important;}\u00a0\u00bb][\/vc_column][\/vc_row][vc_row disable_element=\u00a0\u00bbyes\u00a0\u00bb][vc_column][vc_empty_space][\/vc_column][\/vc_row][vc_row full_width=\u00a0\u00bbstretch_row_content\u00a0\u00bb equal_height=\u00a0\u00bbyes\u00a0\u00bb content_placement=\u00a0\u00bbmiddle\u00a0\u00bb disable_element=\u00a0\u00bbyes\u00a0\u00bb el_class=\u00a0\u00bblargerscreen\u00a0\u00bb css=\u00a0\u00bb.vc_custom_1741011715323{background-color: rgba(127,126,87,0.41) !important;*background-color: rgb(127,126,87) !important;}\u00a0\u00bb][vc_column width=\u00a0\u00bb1\/12&Prime;][\/vc_column][vc_column width=\u00a0\u00bb5\/12&Prime;][vc_custom_heading text=\u00a0\u00bb2022 a \u00e9t\u00e9 un \u00e9norme succ\u00e8s!\u00a0\u00bb google_fonts=\u00a0\u00bbfont_family:Poppins%3Aregular|font_style:700%20bold%20regular%3A700%3Anormal\u00a0\u00bb][vc_column_text]Gr\u00e2ce \u00e0 vous et \u00e0 des milliers de supporteurs d\u2019un bout \u00e0 l\u2019autre du pays la Marche des partenaires mondiaux 2022 a \u00e9t\u00e9 un immense succ\u00e8s. Ensemble, nous avons r\u00e9colt\u00e9 la somme incroyable de 5,7 millions de dollars pour lutter contre la pauvret\u00e9 dans le monde! Ce r\u00e9sultat d\u00e9passe de loin nos attentes, et nous sommes tr\u00e8s reconnaissants de votre soutien.[\/vc_column_text][vc_btn title=\u00a0\u00bbLire le rapport d&rsquo;impact\u00a0\u00bb style=\u00a0\u00bbcustom\u00a0\u00bb custom_background=\u00a0\u00bb#f37121&Prime; custom_text=\u00a0\u00bb#ffffff\u00a0\u00bb i_align=\u00a0\u00bbright\u00a0\u00bb i_icon_fontawesome=\u00a0\u00bbfar fa-arrow-alt-circle-down\u00a0\u00bb add_icon=\u00a0\u00bbtrue\u00a0\u00bb link=\u00a0\u00bburl:https%3A%2F%2Fwww.worldpartnershipwalk.com%2Fwp-content%2Fuploads%2F2023%2F03%2FImpact-Report-2022.FR_.pdf\u00a0\u00bb][\/vc_column][vc_column width=\u00a0\u00bb1\/2&Prime; css=\u00a0\u00bb.vc_custom_1680010295352{background-image: url(https:\/\/www.worldpartnershipwalk.com\/wp-content\/uploads\/2023\/03\/AQCESS_PK_2019-154-scaled.jpg?id=7590) !important;background-position: center !important;background-repeat: no-repeat !important;background-size: cover !important;}\u00a0\u00bb][\/vc_column][\/vc_row][vc_row full_width=\u00a0\u00bbstretch_row_content\u00a0\u00bb equal_height=\u00a0\u00bbyes\u00a0\u00bb content_placement=\u00a0\u00bbmiddle\u00a0\u00bb disable_element=\u00a0\u00bbyes\u00a0\u00bb el_class=\u00a0\u00bbsmallerscreen\u00a0\u00bb css=\u00a0\u00bb.vc_custom_1741011734832{background-color: rgba(127,126,87,0.41) !important;*background-color: rgb(127,126,87) !important;}\u00a0\u00bb][vc_column el_class=\u00a0\u00bbsmallerscreen\u00a0\u00bb][vc_single_image image=\u00a0\u00bb7590&Prime; img_size=\u00a0\u00bblarge\u00a0\u00bb alignment=\u00a0\u00bbcenter\u00a0\u00bb][vc_custom_heading text=\u00a0\u00bb2022 a \u00e9t\u00e9 un \u00e9norme succ\u00e8s!\u00a0\u00bb font_container=\u00a0\u00bbtag:h2|text_align:center\u00a0\u00bb google_fonts=\u00a0\u00bbfont_family:Poppins%3Aregular|font_style:700%20bold%20regular%3A700%3Anormal\u00a0\u00bb][vc_column_text]Gr\u00e2ce \u00e0 vous et \u00e0 des milliers de supporteurs d\u2019un bout \u00e0 l\u2019autre du pays la Marche des partenaires mondiaux 2022 a \u00e9t\u00e9 un immense succ\u00e8s. Ensemble, nous avons r\u00e9colt\u00e9 la somme incroyable de 5,7 millions de dollars pour lutter contre la pauvret\u00e9 dans le monde! Ce r\u00e9sultat d\u00e9passe de loin nos attentes, et nous sommes tr\u00e8s reconnaissants de votre soutien.[\/vc_column_text][vc_btn title=\u00a0\u00bbLire le rapport d&rsquo;impact\u00a0\u00bb style=\u00a0\u00bbcustom\u00a0\u00bb custom_background=\u00a0\u00bb#f37121&Prime; custom_text=\u00a0\u00bb#ffffff\u00a0\u00bb align=\u00a0\u00bbcenter\u00a0\u00bb i_align=\u00a0\u00bbright\u00a0\u00bb i_icon_fontawesome=\u00a0\u00bbfar fa-arrow-alt-circle-down\u00a0\u00bb add_icon=\u00a0\u00bbtrue\u00a0\u00bb link=\u00a0\u00bburl:https%3A%2F%2Fwww.worldpartnershipwalk.com%2Fwp-content%2Fuploads%2F2023%2F03%2FImpact-Report-2022.FR_.pdf\u00a0\u00bb][\/vc_column][\/vc_row][vc_row content_placement=\u00a0\u00bbmiddle\u00a0\u00bb disable_element=\u00a0\u00bbyes\u00a0\u00bb css=\u00a0\u00bb.vc_custom_1677786940409{border-radius: 20px !important;}\u00a0\u00bb][vc_column][vc_empty_space][\/vc_column][\/vc_row][vc_section full_width=\u00a0\u00bbstretch_row\u00a0\u00bb disable_element=\u00a0\u00bbyes\u00a0\u00bb css=\u00a0\u00bb.vc_custom_1634760178112{background-color: #ffffff !important;}\u00a0\u00bb][vc_row content_placement=\u00a0\u00bbmiddle\u00a0\u00bb css=\u00a0\u00bb.vc_custom_1615331290016{border-radius: 20px !important;}\u00a0\u00bb][vc_column][vc_custom_heading text=\u00a0\u00bbRapports d\u2019impact ant\u00e9rieurs\u00a0\u00bb font_container=\u00a0\u00bbtag:h2|text_align:center\u00a0\u00bb google_fonts=\u00a0\u00bbfont_family:Poppins%3Aregular|font_style:700%20bold%20regular%3A700%3Anormal\u00a0\u00bb css=\u00a0\u00bb.vc_custom_1621369481759{margin-top: -50px !important;}\u00a0\u00bb][\/vc_column][\/vc_row][vc_row][vc_column width=\u00a0\u00bb1\/6&Prime;][vc_column_text]<\/p>\n<p style=\"text-align: center;\"><a href=\"http:\/\/bit.ly\/2UHr6Qz\">Rapport d&rsquo;impact 2019<\/a><\/p>\n<p>[\/vc_column_text][\/vc_column][vc_column width=\u00a0\u00bb1\/6&Prime;][vc_column_text]<\/p>\n<p style=\"text-align: center;\"><a href=\"https:\/\/drive.google.com\/file\/d\/1QSU-DMsixwOhduAbHiuK75Yr4z8pk9IH\/view\">Rapport d&rsquo;impact 2018<\/a><\/p>\n<p>[\/vc_column_text][\/vc_column][vc_column width=\u00a0\u00bb1\/6&Prime;][vc_column_text]<\/p>\n<p style=\"text-align: center;\"><a href=\"https:\/\/1millionlives.akfc.ca\/fr\/\">Rapport d&rsquo;impact 2017<\/a><\/p>\n<p>[\/vc_column_text][\/vc_column][vc_column width=\u00a0\u00bb1\/6&Prime;][vc_column_text]<\/p>\n<p style=\"text-align: center;\"><a href=\"https:\/\/www.worldpartnershipwalk.com\/IR2016_fr\/mobile\/index.html#p=1\">Rapport d&rsquo;impact 2016<\/a><\/p>\n<p>[\/vc_column_text][\/vc_column][vc_column width=\u00a0\u00bb1\/6&Prime;][vc_column_text]<\/p>\n<p style=\"text-align: center;\"><a href=\"https:\/\/www.akfc.ca\/wp-content\/uploads\/2017\/07\/AGAKHAN-0820-WPW_Report-ENG-Web-Pages.pdf\">Rapport d&rsquo;impact 2015<\/a><\/p>\n<p>[\/vc_column_text][\/vc_column][vc_column width=\u00a0\u00bb1\/6&Prime;][vc_column_text]<\/p>\n<p style=\"text-align: center;\"><a href=\"https:\/\/www.akfc.ca\/wp-content\/uploads\/2017\/11\/2014-wpw-final-web-en.pdf\">Rapport d&rsquo;impact 2014<\/a><\/p>\n<p>[\/vc_column_text][\/vc_column][\/vc_row][\/vc_section][vc_section full_width=\u00a0\u00bbstretch_row\u00a0\u00bb css=\u00a0\u00bb.vc_custom_1615329328188{background-color: #ffffff !important;}\u00a0\u00bb][\/vc_section]<\/p>\n<\/div>","protected":false},"excerpt":{"rendered":"<p>[vc_row css=\u00a0\u00bb.vc_custom_1677787285001{margin-top: -50px !important;}\u00a0\u00bb][vc_column][vc_column_text css=\u00a0\u00bb\u00a0\u00bb] La Marche des partenaires mondiaux est l\u2019histoire de Canadiens et de Canadiennes \u00e0 l\u2019avant-garde du\u2026<\/p>\n","protected":false},"author":2,"featured_media":0,"parent":0,"menu_order":0,"comment_status":"closed","ping_status":"closed","template":"","meta":{"footnotes":""},"class_list":["post-3616","page","type-page","status-publish","hentry"],"_links":{"self":[{"href":"https:\/\/www.worldpartnershipwalk.com\/fr\/wp-json\/wp\/v2\/pages\/3616","targetHints":{"allow":["GET"]}}],"collection":[{"href":"https:\/\/www.worldpartnershipwalk.com\/fr\/wp-json\/wp\/v2\/pages"}],"about":[{"href":"https:\/\/www.worldpartnershipwalk.com\/fr\/wp-json\/wp\/v2\/types\/page"}],"author":[{"embeddable":true,"href":"https:\/\/www.worldpartnershipwalk.com\/fr\/wp-json\/wp\/v2\/users\/2"}],"replies":[{"embeddable":true,"href":"https:\/\/www.worldpartnershipwalk.com\/fr\/wp-json\/wp\/v2\/comments?post=3616"}],"version-history":[{"count":38,"href":"https:\/\/www.worldpartnershipwalk.com\/fr\/wp-json\/wp\/v2\/pages\/3616\/revisions"}],"predecessor-version":[{"id":9539,"href":"https:\/\/www.worldpartnershipwalk.com\/fr\/wp-json\/wp\/v2\/pages\/3616\/revisions\/9539"}],"wp:attachment":[{"href":"https:\/\/www.worldpartnershipwalk.com\/fr\/wp-json\/wp\/v2\/media?parent=3616"}],"curies":[{"name":"wp","href":"https:\/\/api.w.org\/{rel}","templated":true}]}}