{"id":3627,"date":"2021-05-18T15:31:41","date_gmt":"2021-05-18T15:31:41","guid":{"rendered":"https:\/\/2021.worldpartnershipwalk.com\/matching-and-volunteer-grants\/"},"modified":"2025-03-03T14:58:45","modified_gmt":"2025-03-03T14:58:45","slug":"matching-and-volunteer-grants","status":"publish","type":"page","link":"https:\/\/www.worldpartnershipwalk.com\/fr\/matching-and-volunteer-grants\/","title":{"rendered":"Subventions de contrepartie et de b\u00e9n\u00e9volat"},"content":{"rendered":"<div class=\"wpb-content-wrapper\"><p>[vc_row][vc_column][vc_row_inner][vc_column_inner][vc_custom_heading text=\u00a0\u00bbVotre temps de b\u00e9n\u00e9volat et vos dons peuvent avoir un impact encore plus important!\u00a0\u00bb font_container=\u00a0\u00bbtag:h2|font_size:30px|text_align:center\u00a0\u00bb google_fonts=\u00a0\u00bbfont_family:Poppins%3Aregular|font_style:700%20bold%20regular%3A700%3Anormal\u00a0\u00bb css=\u00a0\u00bb.vc_custom_1741013901386{margin-top: -50px !important;}\u00a0\u00bb][vc_empty_space height=\u00a0\u00bb20px\u00a0\u00bb][vc_column_text css=\u00a0\u00bb\u00a0\u00bb]<\/p>\n<p style=\"text-align: center;\">De nombreuses entreprises offrent des <strong>subventions de b\u00e9n\u00e9volat<\/strong> ou des programmes de <strong>dons de contrepartie<\/strong> pour encourager leurs employ\u00e9s \u00e0 redonner \u00e0 la communaut\u00e9. Ces programmes permettent aux entreprises de reconna\u00eetre et de soutenir le temps pr\u00e9cieux et les dons que leurs employ\u00e9s consacrent aux causes caritatives qui leur tiennent \u00e0 c\u0153ur.<\/p>\n<p>[\/vc_column_text][\/vc_column_inner][\/vc_row_inner][vc_empty_space][\/vc_column][\/vc_row][vc_row full_width=\u00a0\u00bbstretch_row_content\u00a0\u00bb][vc_column][vc_separator][vc_empty_space][\/vc_column][\/vc_row][vc_row equal_height=\u00a0\u00bbyes\u00a0\u00bb][vc_column width=\u00a0\u00bb2\/3&Prime;][vc_custom_heading text=\u00a0\u00bbSubvention du b\u00e9n\u00e9volat\u00a0\u00bb font_container=\u00a0\u00bbtag:h3|text_align:left\u00a0\u00bb google_fonts=\u00a0\u00bbfont_family:Poppins%3Aregular|font_style:700%20bold%20regular%3A700%3Anormal\u00a0\u00bb][vc_column_text]En tant qu\u2019agent(e) de financement b\u00e9n\u00e9vole, vous pourriez \u00eatre admissible \u00e0 recevoir une subvention de la part de votre employeur pour votre action b\u00e9n\u00e9vole. Ces subventions sont offertes aux employ\u00e9s (cela comprend habituellement \u00e9galement les employ\u00e9s \u00e0 la retraite) qui ont fait un nombre minimum d\u2019heures de b\u00e9n\u00e9volat pendant une p\u00e9riode de 12 mois. Ce genre de travail inclut les heures consacr\u00e9es \u00e0 la collecte de fonds et \u00e0 la sensibilisation. Ces subventions repr\u00e9sentent des dons de la part des entreprises \u00e0 diff\u00e9rentes \u0153uvres caritatives enregistr\u00e9es.[\/vc_column_text][vc_custom_heading text=\u00a0\u00bbJumelage de dons\u00a0\u00bb font_container=\u00a0\u00bbtag:h3|text_align:left\u00a0\u00bb google_fonts=\u00a0\u00bbfont_family:Poppins%3Aregular|font_style:700%20bold%20regular%3A700%3Anormal\u00a0\u00bb][vc_column_text]Bon nombre d\u2019entreprises ont des programmes de jumelage de dons qui, dans certains cas, doublent la valeur des dons faits par leurs employ\u00e9s. Cela signifie que votre don peut avoir un plus grand impact dans la lutte contre la pauvret\u00e9.[\/vc_column_text][\/vc_column][vc_column width=\u00a0\u00bb1\/3&Prime;][vc_single_image image=\u00a0\u00bb3975&Prime; img_size=\u00a0\u00bblarge\u00a0\u00bb alignment=\u00a0\u00bbcenter\u00a0\u00bb style=\u00a0\u00bbvc_box_rounded\u00a0\u00bb][\/vc_column][\/vc_row][vc_row][vc_column][vc_empty_space height=\u00a0\u00bb18px\u00a0\u00bb][vc_cta h2=\u00a0\u00bbContactez-nous si vous avez des questions !\u00a0\u00bb h2_font_container=\u00a0\u00bbtag:h3|text_align:center\u00a0\u00bb h2_google_fonts=\u00a0\u00bbfont_family:Poppins%3Aregular|font_style:700%20bold%20regular%3A700%3Anormal\u00a0\u00bb use_custom_fonts_h2=\u00a0\u00bbtrue\u00a0\u00bb]<\/p>\n<p style=\"text-align: center;\">Pour toutes questions, envoyez-nous un courriel \u00e0 <span id=\"cloak963facc1489cc485cf25c3dbdcda426d\"><a href=\"mailto:corporate@worldpartnershipwalk.com\">corporate@worldpartnershipwalk.com<\/a><\/span>.<\/p>\n<p>[\/vc_cta][\/vc_column][\/vc_row]<\/p>\n<\/div>","protected":false},"excerpt":{"rendered":"<p>[vc_row][vc_column][vc_row_inner][vc_column_inner][vc_custom_heading text=\u00a0\u00bbVotre temps de b\u00e9n\u00e9volat et vos dons peuvent avoir un impact encore plus important!\u00a0\u00bb font_container=\u00a0\u00bbtag:h2|font_size:30px|text_align:center\u00a0\u00bb google_fonts=\u00a0\u00bbfont_family:Poppins%3Aregular|font_style:700%20bold%20regular%3A700%3Anormal\u00a0\u00bb css=\u00a0\u00bb.vc_custom_1741013901386{margin-top: -50px !important;}\u00a0\u00bb][vc_empty_space\u2026<\/p>\n","protected":false},"author":2,"featured_media":0,"parent":0,"menu_order":0,"comment_status":"closed","ping_status":"closed","template":"","meta":{"footnotes":""},"class_list":["post-3627","page","type-page","status-publish","hentry"],"_links":{"self":[{"href":"https:\/\/www.worldpartnershipwalk.com\/fr\/wp-json\/wp\/v2\/pages\/3627","targetHints":{"allow":["GET"]}}],"collection":[{"href":"https:\/\/www.worldpartnershipwalk.com\/fr\/wp-json\/wp\/v2\/pages"}],"about":[{"href":"https:\/\/www.worldpartnershipwalk.com\/fr\/wp-json\/wp\/v2\/types\/page"}],"author":[{"embeddable":true,"href":"https:\/\/www.worldpartnershipwalk.com\/fr\/wp-json\/wp\/v2\/users\/2"}],"replies":[{"embeddable":true,"href":"https:\/\/www.worldpartnershipwalk.com\/fr\/wp-json\/wp\/v2\/comments?post=3627"}],"version-history":[{"count":10,"href":"https:\/\/www.worldpartnershipwalk.com\/fr\/wp-json\/wp\/v2\/pages\/3627\/revisions"}],"predecessor-version":[{"id":8849,"href":"https:\/\/www.worldpartnershipwalk.com\/fr\/wp-json\/wp\/v2\/pages\/3627\/revisions\/8849"}],"wp:attachment":[{"href":"https:\/\/www.worldpartnershipwalk.com\/fr\/wp-json\/wp\/v2\/media?parent=3627"}],"curies":[{"name":"wp","href":"https:\/\/api.w.org\/{rel}","templated":true}]}}