{"id":3639,"date":"2021-05-18T15:36:09","date_gmt":"2021-05-18T15:36:09","guid":{"rendered":"https:\/\/2021.worldpartnershipwalk.com\/workplace-toolkit\/"},"modified":"2025-03-03T14:45:39","modified_gmt":"2025-03-03T14:45:39","slug":"workplace-toolkit","status":"publish","type":"page","link":"https:\/\/www.worldpartnershipwalk.com\/fr\/workplace-toolkit\/","title":{"rendered":"Trousses d\u2019outils pour les \u00e9quipes d\u2019entreprise"},"content":{"rendered":"<div class=\"wpb-content-wrapper\"><p>[vc_row disable_element=\u00a0\u00bbyes\u00a0\u00bb][vc_column][vc_custom_heading text=\u00a0\u00bbLa trousse d\u2019entreprise sera bient\u00f4t disponible !\u00a0\u00bb font_container=\u00a0\u00bbtag:h2|text_align:center\u00a0\u00bb google_fonts=\u00a0\u00bbfont_family:Poppins%3Aregular|font_style:700%20bold%20regular%3A700%3Anormal\u00a0\u00bb][vc_column_text]Nous mettons \u00e0 jour notre trousse d\u2019entreprise pour la campagne 2024. Revenez bient\u00f4t sur cette page pour consulter les ressources qui vous aideront \u00e0 mener \u00e0 bien votre campagne de Marche des partenaires mondiaux.[\/vc_column_text][\/vc_column][\/vc_row][vc_row][vc_column][vc_custom_heading text=\u00a0\u00bb\u00c0 venir bient\u00f4t\u00a0\u00bb font_container=\u00a0\u00bbtag:h2|text_align:center\u00a0\u00bb google_fonts=\u00a0\u00bbfont_family:Poppins%3Aregular|font_style:700%20bold%20regular%3A700%3Anormal\u00a0\u00bb css=\u00a0\u00bb\u00a0\u00bb][\/vc_column][\/vc_row][vc_row][vc_column][vc_empty_space height=\u00a0\u00bb75px\u00a0\u00bb][\/vc_column][\/vc_row][vc_section disable_element=\u00a0\u00bbyes\u00a0\u00bb][vc_row][vc_column][vc_empty_space][\/vc_column][\/vc_row][vc_row][vc_column width=\u00a0\u00bb1\/3&Prime;][bt_image_box image=\u00a0\u00bb4385&Prime; title=\u00a0\u00bbGuide du capitaine d&rsquo;\u00e9quipe\u00a0\u00bb title_font_size=\u00a0\u00bb20px\u00a0\u00bb link=\u00a0\u00bburl:https%3A%2F%2Fbit.ly%2F3KsmAvh|title:T%C3%A9l%C3%A9charger%20le%20guide\u00a0\u00bb title_link=\u00a0\u00bburl:https%3A%2F%2Fbit.ly%2F3KsmAvh|target:_blank\u00a0\u00bb]Le Guide du capitaine d&rsquo;\u00e9quipe contient toutes les \u00e9tapes et les outils dont vous avez besoin pour commencer \u00e0 collecter des fonds avec votre \u00e9quipe de travail![\/bt_image_box][bt_image_box image=\u00a0\u00bb4957&Prime; title=\u00a0\u00bbFiche d&rsquo;information\u00a0\u00bb title_font_size=\u00a0\u00bb20px\u00a0\u00bb link=\u00a0\u00bburl:https%3A%2F%2Fbit.ly%2F3xx8Nke|title:Download%20the%20Sheet\u00a0\u00bb title_link=\u00a0\u00bburl:https%3A%2F%2Fbit.ly%2F3xx8Nke|target:_blank\u00a0\u00bb]<\/p>\n<p style=\"text-align: left;\">Consultez notre fiche d&rsquo;information! Vous y trouverez toutes les informations dont vous avez besoin pour pr\u00e9senter la Marche \u00e0 vos dirigeants en milieu de travail!<\/p>\n<p>[\/bt_image_box][\/vc_column][vc_column width=\u00a0\u00bb1\/3&Prime;][bt_image_box image=\u00a0\u00bb4354&Prime; title=\u00a0\u00bbMod\u00e8le de courriel pour approcher la direction\u00a0\u00bb title_font_size=\u00a0\u00bb20px\u00a0\u00bb link=\u00a0\u00bburl:https%3A%2F%2Fdocs.google.com%2Fdocument%2Fd%2F1FQmDoN-RBEuXWdbIKW-cqCzEeT4wScRKU6jQTR1SHvQ%2Fedit%3Fusp%3Dsharing|title:T%C3%A9l%C3%A9charger%20le%20mod%C3%A8le|target:_blank\u00a0\u00bb title_link=\u00a0\u00bburl:https%3A%2F%2Fdrive.google.com%2Ffile%2Fd%2F1HOPJYEHx0ltAp72DbmUEhNa76C643UK7%2Fview%3Fusp%3Dsharing|target:_blank\u00a0\u00bb]Ce mod\u00e8le de courriel vous aidera \u00e0 faire participer votre direction ou votre entreprise \u00e0 la Marche! Personnalisez le et faites-en le v\u00f4tre![\/bt_image_box][bt_image_box image=\u00a0\u00bb4358&Prime; title=\u00a0\u00bbGuide de collecte de fonds Ma campagne \u00e0 ma fa\u00e7on\u00a0\u00bb title_font_size=\u00a0\u00bb20px\u00a0\u00bb link=\u00a0\u00bburl:https%3A%2F%2Fbit.ly%2F3LtOUyM|title:T%C3%A9l%C3%A9charger%20le%20guide\u00a0\u00bb title_link=\u00a0\u00bburl:https%3A%2F%2Fbit.ly%2F3LtOUyM|target:_blank\u00a0\u00bb]<\/p>\n<p style=\"text-align: left;\">Consultez notre guide de collecte de fonds Ma campagne \u00e0 ma fa\u00e7on! Vous y trouverez des \u00e9tapes faciles pour faire de votre collecte de fonds virtuelle \u00e0 faire soi-m\u00eame un \u00e9norme succ\u00e8s!<\/p>\n<p>[\/bt_image_box][\/vc_column][vc_column width=\u00a0\u00bb1\/3&Prime;][bt_image_box image=\u00a0\u00bb4354&Prime; title=\u00a0\u00bbMod\u00e8le de courriel pour annoncer votre \u00e9quipe\u00a0\u00bb title_font_size=\u00a0\u00bb20px\u00a0\u00bb link=\u00a0\u00bburl:https%3A%2F%2Fdocs.google.com%2Fdocument%2Fd%2F15bX0TFAQZN1I0Ldm8dRT7Zk6NBtLuVNju5fKPaV-k7s%2Fedit%3Fusp%3Dsharing|title:T%C3%A9l%C3%A9charger%20le%20mod%C3%A8le|target:_blank\u00a0\u00bb title_link=\u00a0\u00bburl:https%3A%2F%2Fdrive.google.com%2Ffile%2Fd%2F1oGyAoO1vVTUX4FzVGZNWRNQKaBoKgejr%2Fview%3Fusp%3Dsharing|target:_blank\u00a0\u00bb]<\/p>\n<p style=\"text-align: left;\">Une fois que vous avez cr\u00e9\u00e9 votre \u00e9quipe, utilisez ce mod\u00e8le de courriel pour annoncer votre \u00e9quipe \u00e0 votre lieu de travail et commencer \u00e0 recruter des membres!<\/p>\n<p>[\/bt_image_box][bt_image_box image=\u00a0\u00bb4965&Prime; title=\u00a0\u00bbArri\u00e8re-plan\u00a0\u00bb title_font_size=\u00a0\u00bb20px\u00a0\u00bb link=\u00a0\u00bburl:https%3A%2F%2Fdrive.google.com%2Ffile%2Fd%2F1d_IyeldZbXgQQd_nlHnDE09ea9NAiZVx%2Fview%3Fusp%3Dsharing|title:Download%20Background\u00a0\u00bb title_link=\u00a0\u00bburl:https%3A%2F%2Fdrive.google.com%2Ffile%2Fd%2F1d_IyeldZbXgQQd_nlHnDE09ea9NAiZVx%2Fview%3Fusp%3Dsharing|target:_blank\u00a0\u00bb]Vous organisez un \u00e9v\u00e9nement virtuel ou une r\u00e9union? T\u00e9l\u00e9chargez l&rsquo;arri\u00e8re-plan de la marche du partenariat mondial et lancez la conversation![\/bt_image_box][vc_row_inner][vc_column_inner][\/vc_column_inner][\/vc_row_inner][\/vc_column][\/vc_row][vc_row][vc_column][vc_empty_space][\/vc_column][\/vc_row][\/vc_section]<\/p>\n<\/div>","protected":false},"excerpt":{"rendered":"<p>[vc_row disable_element=\u00a0\u00bbyes\u00a0\u00bb][vc_column][vc_custom_heading text=\u00a0\u00bbLa trousse d\u2019entreprise sera bient\u00f4t disponible !\u00a0\u00bb font_container=\u00a0\u00bbtag:h2|text_align:center\u00a0\u00bb google_fonts=\u00a0\u00bbfont_family:Poppins%3Aregular|font_style:700%20bold%20regular%3A700%3Anormal\u00a0\u00bb][vc_column_text]Nous mettons \u00e0 jour notre trousse d\u2019entreprise pour la campagne\u2026<\/p>\n","protected":false},"author":2,"featured_media":0,"parent":0,"menu_order":0,"comment_status":"closed","ping_status":"closed","template":"","meta":{"footnotes":""},"class_list":["post-3639","page","type-page","status-publish","hentry"],"_links":{"self":[{"href":"https:\/\/www.worldpartnershipwalk.com\/fr\/wp-json\/wp\/v2\/pages\/3639","targetHints":{"allow":["GET"]}}],"collection":[{"href":"https:\/\/www.worldpartnershipwalk.com\/fr\/wp-json\/wp\/v2\/pages"}],"about":[{"href":"https:\/\/www.worldpartnershipwalk.com\/fr\/wp-json\/wp\/v2\/types\/page"}],"author":[{"embeddable":true,"href":"https:\/\/www.worldpartnershipwalk.com\/fr\/wp-json\/wp\/v2\/users\/2"}],"replies":[{"embeddable":true,"href":"https:\/\/www.worldpartnershipwalk.com\/fr\/wp-json\/wp\/v2\/comments?post=3639"}],"version-history":[{"count":12,"href":"https:\/\/www.worldpartnershipwalk.com\/fr\/wp-json\/wp\/v2\/pages\/3639\/revisions"}],"predecessor-version":[{"id":8845,"href":"https:\/\/www.worldpartnershipwalk.com\/fr\/wp-json\/wp\/v2\/pages\/3639\/revisions\/8845"}],"wp:attachment":[{"href":"https:\/\/www.worldpartnershipwalk.com\/fr\/wp-json\/wp\/v2\/media?parent=3639"}],"curies":[{"name":"wp","href":"https:\/\/api.w.org\/{rel}","templated":true}]}}