{"id":3645,"date":"2021-05-18T15:39:58","date_gmt":"2021-05-18T15:39:58","guid":{"rendered":"https:\/\/2021.worldpartnershipwalk.com\/marcher-nimporte-ou\/"},"modified":"2026-03-01T21:46:06","modified_gmt":"2026-03-01T21:46:06","slug":"marcher-nimporte-ou","status":"publish","type":"page","link":"https:\/\/www.worldpartnershipwalk.com\/fr\/villes\/marcher-nimporte-ou\/","title":{"rendered":"Marcher n\u2019importe o\u00f9"},"content":{"rendered":"<div class=\"wpb-content-wrapper\"><p>[vc_section][vc_row full_width=\u00a0\u00bbstretch_row\u00a0\u00bb content_placement=\u00a0\u00bbmiddle\u00a0\u00bb][vc_column width=\u00a0\u00bb2\/3&Prime; offset=\u00a0\u00bbvc_hidden-sm vc_hidden-xs\u00a0\u00bb][vc_custom_heading text=\u00a0\u00bbLa Marche des partenaires mondiaux 2026&Prime; font_container=\u00a0\u00bbtag:h2|font_size:30|text_align:left\u00a0\u00bb google_fonts=\u00a0\u00bbfont_family:Poppins%3Aregular|font_style:700%20bold%20regular%3A700%3Anormal\u00a0\u00bb css=\u00a0\u00bb\u00a0\u00bb][vc_column_text css=\u00a0\u00bb\u00a0\u00bb]La Marche des partenaires mondiaux est le plus grand mouvement public du Canada visant \u00e0 lutter contre la pauvret\u00e9 dans le monde. Elle rassemble les Canadiens et les Canadiennes dans une action collective partout au pays. Faites un pas en avant avec d\u2019autres marcheurs de partout au pays<strong>, le dimanche 31 mai<\/strong> \u2013 ou n\u2019importe quand, n\u2019importe o\u00f9 qui fonctionne pour vous!<\/p>\n<p>Marchez avec votre \u00e9quipe, votre famille ou vos amis! Que ce soit dans un parc local, dans une cour d\u2019\u00e9cole ou autour de votre lieu de travail, chaque pas refl\u00e8te l\u2019esprit de la Marche des partenaires mondiaux : se rassembler pour lutter contre la pauvret\u00e9 dans le monde.[\/vc_column_text][\/vc_column][vc_column width=\u00a0\u00bb1\/3&Prime; offset=\u00a0\u00bbvc_hidden-sm vc_hidden-xs\u00a0\u00bb][vc_single_image image=\u00a0\u00bb8257&Prime; img_size=\u00a0\u00bblarge\u00a0\u00bb style=\u00a0\u00bbvc_box_rounded\u00a0\u00bb][\/vc_column][\/vc_row][vc_row full_width=\u00a0\u00bbstretch_row\u00a0\u00bb content_placement=\u00a0\u00bbmiddle\u00a0\u00bb][vc_column offset=\u00a0\u00bbvc_hidden-lg vc_hidden-md\u00a0\u00bb][vc_single_image image=\u00a0\u00bb8257&Prime; img_size=\u00a0\u00bblarge\u00a0\u00bb alignment=\u00a0\u00bbcenter\u00a0\u00bb style=\u00a0\u00bbvc_box_rounded\u00a0\u00bb][vc_custom_heading text=\u00a0\u00bbLa Marche des partenaires mondiaux 2026&Prime; font_container=\u00a0\u00bbtag:h2|font_size:30|text_align:center\u00a0\u00bb google_fonts=\u00a0\u00bbfont_family:Poppins%3Aregular|font_style:700%20bold%20regular%3A700%3Anormal\u00a0\u00bb css=\u00a0\u00bb\u00a0\u00bb][vc_column_text css=\u00a0\u00bb\u00a0\u00bb]<\/p>\n<p style=\"margin: 0cm; margin-bottom: .0001pt; background: white;\"><span style=\"color: #282828; background: white;\">Faites un pas en avant avec la Marche des partenaires mondiaux ce printemps. <\/span><span style=\"color: #282828;\">Joignez-vous \u00e0 des milliers de Canadiens et Canadiennes de partout au pays et marchez n&rsquo;importe o\u00f9, n&rsquo;importe quand! Organisez-vous avec votre \u00e9quipe, votre famille, vos amis ou individuellement.<\/span><\/p>\n<p style=\"margin: 0cm; margin-bottom: .0001pt; background: white;\"><span style=\"color: #282828;\">\u00a0<\/span><\/p>\n<p style=\"margin: 0cm; margin-bottom: .0001pt; background: white; box-sizing: border-box; font-variant-ligatures: normal; font-variant-caps: normal; orphans: 2; text-align: start; widows: 2; -webkit-text-stroke-width: 0px; text-decoration-thickness: initial; text-decoration-style: initial; text-decoration-color: initial; word-spacing: 0px;\"><span style=\"box-sizing: border-box;\"><span style=\"color: #282828;\">Qu\u2019il s\u2019agisse d\u2019une marche dans votre parc local, dans la cour de l\u2019\u00e9cole ou au bureau, vous saisirez l\u2019essence m\u00eame de ce qu\u2019a toujours \u00e9t\u00e9 la Marche des partenaires mondiaux :<b style=\"box-sizing: border-box;\">\u00a0se rassembler pour lutter contre la pauvret\u00e9 dans le monde et montrer au monde que nous sommes l\u00e0 pour lui.<\/b><\/span><\/span><\/p>\n<p>[\/vc_column_text][\/vc_column][\/vc_row][vc_row][vc_column offset=\u00a0\u00bbvc_hidden-sm vc_hidden-xs\u00a0\u00bb][vc_separator][vc_row_inner content_placement=\u00a0\u00bbbottom\u00a0\u00bb][vc_column_inner width=\u00a0\u00bb1\/3&Prime; offset=\u00a0\u00bbvc_hidden-sm vc_hidden-xs\u00a0\u00bb][vc_single_image image=\u00a0\u00bb8249&Prime; img_size=\u00a0\u00bblarge\u00a0\u00bb style=\u00a0\u00bbvc_box_rounded\u00a0\u00bb][\/vc_column_inner][vc_column_inner width=\u00a0\u00bb2\/3&Prime; offset=\u00a0\u00bbvc_hidden-sm vc_hidden-xs\u00a0\u00bb][vc_custom_heading text=\u00a0\u00bbVotre impact\u00a0\u00bb font_container=\u00a0\u00bbtag:h2|font_size:30|text_align:left\u00a0\u00bb google_fonts=\u00a0\u00bbfont_family:Poppins%3Aregular|font_style:700%20bold%20regular%3A700%3Anormal\u00a0\u00bb][vc_column_text]En faisant un pas en avant, vous soutenez un large \u00e9ventail d\u2019activit\u00e9s qui visent \u00e0 lutter contre la pauvret\u00e9 en Afrique et en Asie, notamment des programmes destin\u00e9s \u00e0 am\u00e9liorer les soins de sant\u00e9, l\u2019\u00e9ducation et la r\u00e9sistance aux changements climatiques, tout en promouvant l\u2019\u00e9galit\u00e9 entre les genres. Que vous marchiez ou fassiez un don, vos contributions aident \u00e0 b\u00e2tir un monde dans lequel nous prosp\u00e9rons tous ensemble.<span data-ccp-props=\"{&quot;134233117&quot;:false,&quot;134233118&quot;:false,&quot;335559738&quot;:0,&quot;335559739&quot;:0}\">\u00a0<\/span>[\/vc_column_text][\/vc_column_inner][\/vc_row_inner][\/vc_column][\/vc_row][vc_row][vc_column width=\u00a0\u00bb1\/2&Prime; offset=\u00a0\u00bbvc_hidden-sm vc_hidden-xs\u00a0\u00bb][vc_btn title=\u00a0\u00bbS\u2019inscrire\u00a0\u00bb style=\u00a0\u00bbcustom\u00a0\u00bb custom_background=\u00a0\u00bb#F37049&Prime; custom_text=\u00a0\u00bb#ffffff\u00a0\u00bb size=\u00a0\u00bblg\u00a0\u00bb align=\u00a0\u00bbright\u00a0\u00bb css=\u00a0\u00bb\u00a0\u00bb link=\u00a0\u00bburl:https%3A%2F%2Fwww.worldpartnershipwalk.com%2Ffr%2Fmarcher-nimporte-ou-inscription%2F|title:Marcher%20n%E2%80%99importe%20o%C3%B9%20inscription\u00a0\u00bb][\/vc_column][vc_column width=\u00a0\u00bb1\/2&Prime; offset=\u00a0\u00bbvc_hidden-sm vc_hidden-xs\u00a0\u00bb][vc_btn title=\u00a0\u00bbFaire un don\u00a0\u00bb style=\u00a0\u00bbcustom\u00a0\u00bb custom_background=\u00a0\u00bb#F37049&Prime; custom_text=\u00a0\u00bb#ffffff\u00a0\u00bb size=\u00a0\u00bblg\u00a0\u00bb align=\u00a0\u00bbleft\u00a0\u00bb css=\u00a0\u00bb\u00a0\u00bb link=\u00a0\u00bburl:https%3A%2F%2Fgive.akfc.ca%2Fevent%2Fwpw%2Ffundraiser-search|title:Faire%20un%20don\u00a0\u00bb][\/vc_column][\/vc_row][vc_row][vc_column offset=\u00a0\u00bbvc_hidden-lg vc_hidden-md\u00a0\u00bb][vc_separator][vc_single_image image=\u00a0\u00bb8249&Prime; img_size=\u00a0\u00bblarge\u00a0\u00bb alignment=\u00a0\u00bbcenter\u00a0\u00bb style=\u00a0\u00bbvc_box_rounded\u00a0\u00bb][vc_custom_heading text=\u00a0\u00bbVotre impact\u00a0\u00bb font_container=\u00a0\u00bbtag:h2|font_size:30|text_align:center\u00a0\u00bb google_fonts=\u00a0\u00bbfont_family:Poppins%3Aregular|font_style:700%20bold%20regular%3A700%3Anormal\u00a0\u00bb][vc_column_text]En faisant un pas en avant, vous soutenez un large \u00e9ventail d\u2019activit\u00e9s qui visent \u00e0 lutter contre la pauvret\u00e9 en Afrique et en Asie, notamment des programmes destin\u00e9s \u00e0 am\u00e9liorer les soins de sant\u00e9, l\u2019\u00e9ducation et la r\u00e9sistance aux changements climatiques, tout en promouvant l\u2019\u00e9galit\u00e9 entre les genres. Que vous marchiez ou fassiez un don, vos contributions aident \u00e0 b\u00e2tir un monde dans lequel nous prosp\u00e9rons tous ensemble.<span data-ccp-props=\"{&quot;134233117&quot;:false,&quot;134233118&quot;:false,&quot;335559738&quot;:0,&quot;335559739&quot;:0}\">\u00a0<\/span>[\/vc_column_text][\/vc_column][\/vc_row][vc_row][vc_column offset=\u00a0\u00bbvc_hidden-lg vc_hidden-md\u00a0\u00bb][vc_btn title=\u00a0\u00bbS\u2019inscrire\u00a0\u00bb style=\u00a0\u00bbcustom\u00a0\u00bb custom_background=\u00a0\u00bb#F37049&Prime; custom_text=\u00a0\u00bb#ffffff\u00a0\u00bb size=\u00a0\u00bblg\u00a0\u00bb align=\u00a0\u00bbcenter\u00a0\u00bb css=\u00a0\u00bb\u00a0\u00bb link=\u00a0\u00bburl:https%3A%2F%2Fwww.worldpartnershipwalk.com%2Ffr%2Fmarcher-nimporte-ou-inscription%2F|title:Marcher%20n%E2%80%99importe%20o%C3%B9%20inscription\u00a0\u00bb][vc_btn title=\u00a0\u00bbFaire un don\u00a0\u00bb style=\u00a0\u00bbcustom\u00a0\u00bb custom_background=\u00a0\u00bb#F37049&Prime; custom_text=\u00a0\u00bb#ffffff\u00a0\u00bb size=\u00a0\u00bblg\u00a0\u00bb align=\u00a0\u00bbcenter\u00a0\u00bb css=\u00a0\u00bb\u00a0\u00bb link=\u00a0\u00bburl:https%3A%2F%2Fgive.akfc.ca%2Fevent%2Fwpw%2Ffundraiser-search|title:Faire%20un%20don\u00a0\u00bb][\/vc_column][\/vc_row][vc_row][vc_column][vc_empty_space][\/vc_column][\/vc_row][\/vc_section][vc_row full_width=\u00a0\u00bbstretch_row\u00a0\u00bb disable_element=\u00a0\u00bbyes\u00a0\u00bb css=\u00a0\u00bb.vc_custom_1772401498276{background-color: #fafafa !important;}\u00a0\u00bb][vc_column width=\u00a0\u00bb1\/3&Prime;][vc_icon icon_fontawesome=\u00a0\u00bbfas fa-medal\u00a0\u00bb color=\u00a0\u00bbcustom\u00a0\u00bb size=\u00a0\u00bbxl\u00a0\u00bb align=\u00a0\u00bbcenter\u00a0\u00bb css=\u00a0\u00bb\u00a0\u00bb custom_color=\u00a0\u00bb#000000&Prime;][vc_custom_heading text=\u00a0\u00bbT-shirt et r\u00e9compenses de la Marche 2026&Prime; font_container=\u00a0\u00bbtag:h4|text_align:center|color:%23000000&Prime; google_fonts=\u00a0\u00bbfont_family:Poppins%3Aregular|font_style:700%20bold%20regular%3A700%3Anormal\u00a0\u00bb css=\u00a0\u00bb\u00a0\u00bb][vc_column_text css=\u00a0\u00bb\u00a0\u00bb]<\/p>\n<p style=\"text-align: center;\">En tant que participant, vous pouvez recevoir des r\u00e9compenses pour vos efforts de collecte de fonds, y compris le t-shirt de la campagne 2026!<\/p>\n<p>[\/vc_column_text][vc_btn title=\u00a0\u00bbVoir les r\u00e9compenses\u00a0\u00bb style=\u00a0\u00bbcustom\u00a0\u00bb custom_background=\u00a0\u00bb#F37049&Prime; custom_text=\u00a0\u00bb#ffffff\u00a0\u00bb size=\u00a0\u00bblg\u00a0\u00bb align=\u00a0\u00bbcenter\u00a0\u00bb css=\u00a0\u00bb\u00a0\u00bb link=\u00a0\u00bburl:https%3A%2F%2Fwww.worldpartnershipwalk.com%2Ffr%2Ffundraising-recognition%2F|title:Rewards\u00a0\u00bb][\/vc_column][vc_column width=\u00a0\u00bb1\/3&Prime;][vc_icon type=\u00a0\u00bbtypicons\u00a0\u00bb icon_typicons=\u00a0\u00bbtypcn typcn-lightbulb\u00a0\u00bb color=\u00a0\u00bbcustom\u00a0\u00bb size=\u00a0\u00bbxl\u00a0\u00bb align=\u00a0\u00bbcenter\u00a0\u00bb css=\u00a0\u00bb\u00a0\u00bb custom_color=\u00a0\u00bb#000000&Prime;][vc_custom_heading text=\u00a0\u00bbOutils de collecte de fonds\u00a0\u00bb font_container=\u00a0\u00bbtag:h4|text_align:center|color:%23000000&Prime; google_fonts=\u00a0\u00bbfont_family:Poppins%3Aregular|font_style:700%20bold%20regular%3A700%3Anormal\u00a0\u00bb css=\u00a0\u00bb\u00a0\u00bb][vc_column_text]<\/p>\n<p style=\"text-align: center;\">De nos outils de collecte de fonds au centre des participants et des ressources suppl\u00e9mentaires, vous trouverez un soutien qui vous aidera \u00e0 d\u00e9marrer et \u00e0 atteindre votre objectif.<\/p>\n<p>[\/vc_column_text][vc_btn title=\u00a0\u00bbConsultez les outils\u00a0\u00bb style=\u00a0\u00bbcustom\u00a0\u00bb custom_background=\u00a0\u00bb#F37049&Prime; custom_text=\u00a0\u00bb#ffffff\u00a0\u00bb size=\u00a0\u00bblg\u00a0\u00bb align=\u00a0\u00bbcenter\u00a0\u00bb css=\u00a0\u00bb\u00a0\u00bb link=\u00a0\u00bburl:https%3A%2F%2Fwww.worldpartnershipwalk.com%2Ffr%2Ftrousses-doutils%2F|title:Trousses%20d%E2%80%99outils\u00a0\u00bb][\/vc_column][vc_column width=\u00a0\u00bb1\/3&Prime;][vc_icon icon_fontawesome=\u00a0\u00bbfas fa-walking\u00a0\u00bb color=\u00a0\u00bbcustom\u00a0\u00bb size=\u00a0\u00bbxl\u00a0\u00bb align=\u00a0\u00bbcenter\u00a0\u00bb css=\u00a0\u00bb\u00a0\u00bb custom_color=\u00a0\u00bb#000000&Prime;][vc_custom_heading text=\u00a0\u00bbC\u00e9l\u00e9brez votre Marche \u00a0\u00bb font_container=\u00a0\u00bbtag:h4|text_align:center|color:%23000000&Prime; google_fonts=\u00a0\u00bbfont_family:Poppins%3Aregular|font_style:700%20bold%20regular%3A700%3Anormal\u00a0\u00bb css=\u00a0\u00bb\u00a0\u00bb][vc_column_text css=\u00a0\u00bb\u00a0\u00bb]<\/p>\n<p style=\"text-align: center;\">Vous cherchez des id\u00e9es pour rendre votre Marche sp\u00e9ciale? Notre bo\u00eete \u00e0 outils contient des conseils, des ressources et de l\u2019inspiration.<\/p>\n<p>[\/vc_column_text][vc_btn title=\u00a0\u00bbEn savoir plus\u00a0\u00bb style=\u00a0\u00bbcustom\u00a0\u00bb custom_background=\u00a0\u00bb#F37049&Prime; custom_text=\u00a0\u00bb#ffffff\u00a0\u00bb size=\u00a0\u00bblg\u00a0\u00bb align=\u00a0\u00bbcenter\u00a0\u00bb css=\u00a0\u00bb\u00a0\u00bb link=\u00a0\u00bburl:https%3A%2F%2Fwww.worldpartnershipwalk.com%2Ffr%2Fapplication-mobile%2F|title:Voir%20la%20bo%C3%AEte%20%C3%A0%20outils\u00a0\u00bb][\/vc_column][\/vc_row][vc_section disable_element=\u00a0\u00bbyes\u00a0\u00bb][vc_row][vc_column][vc_empty_space][\/vc_column][\/vc_row][vc_row full_width=\u00a0\u00bbstretch_row_content_no_spaces\u00a0\u00bb][vc_column][vc_custom_heading text=\u00a0\u00bbCommanditaires de la Marche des partenaires mondiaux \u00a0\u00bb font_container=\u00a0\u00bbtag:h2|font_size:30px|text_align:center|color:%23222222&Prime; google_fonts=\u00a0\u00bbfont_family:Poppins%3Aregular|font_style:700%20bold%20regular%3A700%3Anormal\u00a0\u00bb css=\u00a0\u00bb.vc_custom_1772401203535{background-position: center !important;background-repeat: no-repeat !important;background-size: cover !important;}\u00a0\u00bb][\/vc_column][\/vc_row][vc_row][vc_column][vc_row_inner][vc_column_inner width=\u00a0\u00bb1\/2&Prime;][\/vc_column_inner][vc_column_inner width=\u00a0\u00bb1\/2&Prime;][\/vc_column_inner][\/vc_row_inner][\/vc_column][\/vc_row][vc_row full_width=\u00a0\u00bbstretch_row_content_no_spaces\u00a0\u00bb][vc_column][vc_custom_heading text=\u00a0\u00bbCommanditaire transformationnel\u00a0\u00bb font_container=\u00a0\u00bbtag:h2|font_size:30px|text_align:center|color:%23222222&Prime; google_fonts=\u00a0\u00bbfont_family:Poppins%3Aregular|font_style:700%20bold%20regular%3A700%3Anormal\u00a0\u00bb css=\u00a0\u00bb.vc_custom_1649188153565{background-position: center !important;background-repeat: no-repeat !important;background-size: cover !important;}\u00a0\u00bb][\/vc_column][\/vc_row][vc_row][vc_column][vc_row_inner][vc_column_inner width=\u00a0\u00bb1\/2&Prime;][\/vc_column_inner][vc_column_inner width=\u00a0\u00bb1\/2&Prime;][\/vc_column_inner][\/vc_row_inner][\/vc_column][\/vc_row][vc_row full_width=\u00a0\u00bbstretch_row_content_no_spaces\u00a0\u00bb][vc_column][vc_custom_heading text=\u00a0\u00bbCommanditaires visionnaires\u00a0\u00bb font_container=\u00a0\u00bbtag:h2|font_size:30px|text_align:center|color:%23222222&Prime; google_fonts=\u00a0\u00bbfont_family:Poppins%3Aregular|font_style:700%20bold%20regular%3A700%3Anormal\u00a0\u00bb css=\u00a0\u00bb.vc_custom_1649188172881{background-position: center !important;background-repeat: no-repeat !important;background-size: cover !important;}\u00a0\u00bb][\/vc_column][\/vc_row][vc_row][vc_column][vc_row_inner][vc_column_inner width=\u00a0\u00bb1\/3&Prime;][\/vc_column_inner][vc_column_inner width=\u00a0\u00bb1\/3&Prime;][\/vc_column_inner][vc_column_inner width=\u00a0\u00bb1\/3&Prime;][\/vc_column_inner][\/vc_row_inner][\/vc_column][\/vc_row][vc_row full_width=\u00a0\u00bbstretch_row_content_no_spaces\u00a0\u00bb][vc_column][vc_custom_heading text=\u00a0\u00bbCommanditaires cr\u00e9ateurs de changement\u00a0\u00bb font_container=\u00a0\u00bbtag:h2|font_size:30px|text_align:center|color:%23222222&Prime; google_fonts=\u00a0\u00bbfont_family:Poppins%3Aregular|font_style:700%20bold%20regular%3A700%3Anormal\u00a0\u00bb css=\u00a0\u00bb.vc_custom_1649188195518{background-position: center !important;background-repeat: no-repeat !important;background-size: cover !important;}\u00a0\u00bb][\/vc_column][\/vc_row][vc_row][vc_column][vc_row_inner][vc_column_inner width=\u00a0\u00bb1\/4&Prime;][\/vc_column_inner][vc_column_inner width=\u00a0\u00bb1\/4&Prime;][\/vc_column_inner][vc_column_inner width=\u00a0\u00bb1\/4&Prime;][\/vc_column_inner][vc_column_inner width=\u00a0\u00bb1\/4&Prime;][\/vc_column_inner][\/vc_row_inner][\/vc_column][\/vc_row][\/vc_section]<\/p>\n<\/div>","protected":false},"excerpt":{"rendered":"<p>[vc_section][vc_row full_width=\u00a0\u00bbstretch_row\u00a0\u00bb content_placement=\u00a0\u00bbmiddle\u00a0\u00bb][vc_column width=\u00a0\u00bb2\/3&Prime; offset=\u00a0\u00bbvc_hidden-sm vc_hidden-xs\u00a0\u00bb][vc_custom_heading text=\u00a0\u00bbLa Marche des partenaires mondiaux 2026&Prime; font_container=\u00a0\u00bbtag:h2|font_size:30|text_align:left\u00a0\u00bb google_fonts=\u00a0\u00bbfont_family:Poppins%3Aregular|font_style:700%20bold%20regular%3A700%3Anormal\u00a0\u00bb css=\u00a0\u00bb\u00a0\u00bb][vc_column_text css=\u00a0\u00bb\u00a0\u00bb]La Marche des partenaires mondiaux\u2026<\/p>\n","protected":false},"author":2,"featured_media":0,"parent":3637,"menu_order":0,"comment_status":"closed","ping_status":"closed","template":"","meta":{"footnotes":""},"class_list":["post-3645","page","type-page","status-publish","hentry"],"_links":{"self":[{"href":"https:\/\/www.worldpartnershipwalk.com\/fr\/wp-json\/wp\/v2\/pages\/3645","targetHints":{"allow":["GET"]}}],"collection":[{"href":"https:\/\/www.worldpartnershipwalk.com\/fr\/wp-json\/wp\/v2\/pages"}],"about":[{"href":"https:\/\/www.worldpartnershipwalk.com\/fr\/wp-json\/wp\/v2\/types\/page"}],"author":[{"embeddable":true,"href":"https:\/\/www.worldpartnershipwalk.com\/fr\/wp-json\/wp\/v2\/users\/2"}],"replies":[{"embeddable":true,"href":"https:\/\/www.worldpartnershipwalk.com\/fr\/wp-json\/wp\/v2\/comments?post=3645"}],"version-history":[{"count":14,"href":"https:\/\/www.worldpartnershipwalk.com\/fr\/wp-json\/wp\/v2\/pages\/3645\/revisions"}],"predecessor-version":[{"id":9524,"href":"https:\/\/www.worldpartnershipwalk.com\/fr\/wp-json\/wp\/v2\/pages\/3645\/revisions\/9524"}],"up":[{"embeddable":true,"href":"https:\/\/www.worldpartnershipwalk.com\/fr\/wp-json\/wp\/v2\/pages\/3637"}],"wp:attachment":[{"href":"https:\/\/www.worldpartnershipwalk.com\/fr\/wp-json\/wp\/v2\/media?parent=3645"}],"curies":[{"name":"wp","href":"https:\/\/api.w.org\/{rel}","templated":true}]}}