{"id":3899,"date":"2021-06-02T15:14:58","date_gmt":"2021-06-02T15:14:58","guid":{"rendered":"https:\/\/2021.worldpartnershipwalk.com\/trousses-doutils\/"},"modified":"2026-03-08T18:31:01","modified_gmt":"2026-03-08T18:31:01","slug":"trousses-doutils","status":"publish","type":"page","link":"https:\/\/www.worldpartnershipwalk.com\/fr\/trousses-doutils\/","title":{"rendered":"Trousses d\u2019outils"},"content":{"rendered":"<div class=\"wpb-content-wrapper\"><p>[vc_row][vc_column][vc_custom_heading text=\u00a0\u00bbD\u00e9couvrez nos outils de collecte de fonds\u00a0\u00bb font_container=\u00a0\u00bbtag:h2|text_align:center\u00a0\u00bb google_fonts=\u00a0\u00bbfont_family:Poppins%3Aregular|font_style:700%20bold%20regular%3A700%3Anormal\u00a0\u00bb][vc_column_text]<\/p>\n<p style=\"text-align: center;\">Notre objectif est de vous aider \u00e0 atteindre votre objectif de collecte de fonds ! Consultez les ressources qui vous aideront \u00e0 maximiser votre collecte de fonds et \u00e0 atteindre votre objectif.<\/p>\n<p>[\/vc_column_text][vc_empty_space][\/vc_column][\/vc_row][vc_section full_width=\u00a0\u00bbstretch_row\u00a0\u00bb css=\u00a0\u00bb.vc_custom_1709497908095{padding-top: 45px !important;padding-bottom: 45px !important;background-color: #fafafa !important;}\u00a0\u00bb][vc_row disable_element=\u00a0\u00bbyes\u00a0\u00bb][vc_column][vc_custom_heading text=\u00a0\u00bbTrousses d&rsquo;outils\u00a0\u00bb font_container=\u00a0\u00bbtag:h2|text_align:center\u00a0\u00bb google_fonts=\u00a0\u00bbfont_family:Poppins%3Aregular|font_style:700%20bold%20regular%3A700%3Anormal\u00a0\u00bb][\/vc_column][\/vc_row][vc_row equal_height=\u00a0\u00bbyes\u00a0\u00bb disable_element=\u00a0\u00bbyes\u00a0\u00bb css=\u00a0\u00bb.vc_custom_1710367241428{margin-top: 45px !important;}\u00a0\u00bb][vc_column width=\u00a0\u00bb1\/2&Prime; css=\u00a0\u00bb.vc_custom_1499312664932{margin-bottom: 30px !important;}\u00a0\u00bb]<div  class=\"wpb_theme_custom_element wpb_featured_box vc_custom_1709505104380\">\n  <div class=\"vc-custom-inner-wrap\">\n    <div class=\"featured-box-alignment alignment-center content-alignment-center\"><div class=\"icon-wrap\"><div class=\"type-icon graphic-shape-rounded\" style=\"width: 50px;height: 50px;background-color: \"><span style=\"color: \" class=\"_icon far fa-lightbulb\"><\/span><\/div><\/div><div class=\"entry-box-wrap\"><h4 class=\"featured-box-title\" style=\"color: #222222;\">Guide de collecte de fonds<\/h4><div class=\"featured-box-text\" style=\"color: #444444;\">Trouvez des outils pour vous aider \u00e0 collecter des fonds en tant que participant individuel ou en tant que membre d'une communaut\u00e9.<\/div><a href=\"https:\/\/www.worldpartnershipwalk.com\/fr\/fundraising-toolkit\/\" class=\"featured-button btn-type-rounded\" >Consulter le guide<\/a><\/div><\/div>  <\/div>\n<\/div>\n[\/vc_column][vc_column width=\u00a0\u00bb1\/2&Prime; css=\u00a0\u00bb.vc_custom_1499312196033{margin-bottom: 30px !important;}\u00a0\u00bb]<div  class=\"wpb_theme_custom_element wpb_featured_box vc_custom_1709505131425\">\n  <div class=\"vc-custom-inner-wrap\">\n    <div class=\"featured-box-alignment alignment-center content-alignment-center\"><div class=\"icon-wrap\"><div class=\"type-icon graphic-shape-rounded\" style=\"width: 50px;height: 50px;background-color: \"><span style=\"color: \" class=\"_icon fas fa-lightbulb\"><\/span><\/div><\/div><div class=\"entry-box-wrap\"><h4 class=\"featured-box-title\" style=\"color: #222222;\">Guide de collecte de fonds en milieu de travail<\/h4><div class=\"featured-box-text\" style=\"color: #444444;\">D\u00e9couvrez des outils pour vous aider \u00e0 d\u00e9marrer, \u00e0 grandir et \u00e0 collecter des fonds avec votre \u00e9quipe de d'entreprise<\/div><a href=\"\/fr\/workplace-toolkit\/\" class=\"featured-button btn-type-rounded\" >Consulter le guide<\/a><\/div><\/div>  <\/div>\n<\/div>\n[\/vc_column][\/vc_row][vc_row][vc_column][vc_custom_heading text=\u00a0\u00bbTrousses d\u2019outils \u00e0 venir bient\u00f4t\u00a0\u00bb font_container=\u00a0\u00bbtag:h2|text_align:center\u00a0\u00bb google_fonts=\u00a0\u00bbfont_family:Poppins%3Aregular|font_style:700%20bold%20regular%3A700%3Anormal\u00a0\u00bb css=\u00a0\u00bb\u00a0\u00bb][\/vc_column][\/vc_row][vc_row equal_height=\u00a0\u00bbyes\u00a0\u00bb disable_element=\u00a0\u00bbyes\u00a0\u00bb css=\u00a0\u00bb.vc_custom_1741269170067{margin-top: 45px !important;}\u00a0\u00bb][vc_column width=\u00a0\u00bb1\/2&Prime; css=\u00a0\u00bb.vc_custom_1499312664932{margin-bottom: 30px !important;}\u00a0\u00bb]<div  class=\"wpb_theme_custom_element wpb_featured_box vc_custom_1709504373067\">\n  <div class=\"vc-custom-inner-wrap\">\n    <div class=\"featured-box-alignment alignment-center content-alignment-center\"><div class=\"icon-wrap\"><div class=\"type-icon graphic-shape-rounded\" style=\"width: 50px;height: 50px;background-color: \"><span style=\"color: \" class=\"_icon far fa-lightbulb\"><\/span><\/div><\/div><div class=\"entry-box-wrap\"><h4 class=\"featured-box-title\" style=\"color: #222222;\">Guide de collecte de fonds en ligne<\/h4><div class=\"featured-box-text\" style=\"color: #444444;\">Utilisez ce guide pour parcourir les diff\u00e9rentes fonctions du centre des participants.<\/div><a href=\"https:\/\/drive.google.com\/file\/d\/1hiWHWuvfAcOyW9fsPAh71GR8QgszmINx\/view\" class=\"featured-button btn-type-rounded\" >T\u00e9l\u00e9charger le guide<\/a><\/div><\/div>  <\/div>\n<\/div>\n[\/vc_column][vc_column width=\u00a0\u00bb1\/2&Prime; css=\u00a0\u00bb.vc_custom_1499312196033{margin-bottom: 30px !important;}\u00a0\u00bb]<div  class=\"wpb_theme_custom_element wpb_featured_box vc_custom_1709504458593\">\n  <div class=\"vc-custom-inner-wrap\">\n    <div class=\"featured-box-alignment alignment-center content-alignment-center\"><div class=\"icon-wrap\"><div class=\"type-icon graphic-shape-rounded\" style=\"width: 50px;height: 50px;background-color: \"><span style=\"color: \" class=\"_icon far fa-lightbulb\"><\/span><\/div><\/div><div class=\"entry-box-wrap\"><h4 class=\"featured-box-title\" style=\"color: #222222;\">Guide Ma campagne \u00e0 ma fa\u00e7on<\/h4><div class=\"featured-box-text\" style=\"color: #444444;\">Consultez notre guide Ma campagne \u00e0 ma fa\u00e7on pour des exemples et des conseils.<\/div><a href=\"https:\/\/drive.google.com\/file\/d\/1n4TwHbpMNEvvFBpkkHRNfxz24gGyLqt0\/view\" class=\"featured-button btn-type-rounded\" >T\u00e9l\u00e9charger le guide<\/a><\/div><\/div>  <\/div>\n<\/div>\n[\/vc_column][\/vc_row][\/vc_section][vc_row full_width=\u00a0\u00bbstretch_row\u00a0\u00bb css=\u00a0\u00bb.vc_custom_1741269215141{background-color: #E6E6E6 !important;background-position: center !important;background-repeat: no-repeat !important;background-size: cover !important;}\u00a0\u00bb][vc_column][vc_empty_space][vc_custom_heading text=\u00a0\u00bbLe Centre des participants\u00a0\u00bb font_container=\u00a0\u00bbtag:h2|text_align:center\u00a0\u00bb google_fonts=\u00a0\u00bbfont_family:Poppins%3Aregular|font_style:700%20bold%20regular%3A700%3Anormal\u00a0\u00bb][vc_column_text]<\/p>\n<p style=\"text-align: center;\">Tous les participants de la Marche des partenaires mondiaux ont acc\u00e8s \u00e0 leur propre centre des participants. Ici, vous pouvez personnaliser votre page, v\u00e9rifier vos progr\u00e8s, envoyer des e-mails, partager sur les r\u00e9seaux sociaux et faire un don personnel.\u200b<\/p>\n<p>[\/vc_column_text][vc_btn title=\u00a0\u00bbConnectez-vous \u00e0 votre Centre des participants\u00a0\u00bb style=\u00a0\u00bbcustom\u00a0\u00bb custom_background=\u00a0\u00bb#f37121&Prime; custom_text=\u00a0\u00bb#ffffff\u00a0\u00bb align=\u00a0\u00bbcenter\u00a0\u00bb][vc_empty_space height=\u00a0\u00bb78px\u00a0\u00bb][\/vc_column][\/vc_row][vc_section full_width=\u00a0\u00bbstretch_row\u00a0\u00bb css=\u00a0\u00bb.vc_custom_1615329328188{background-color: #ffffff !important;}\u00a0\u00bb][vc_row][vc_column width=\u00a0\u00bb1\/6&Prime;][\/vc_column][vc_column width=\u00a0\u00bb2\/3&Prime;][vc_custom_heading text=\u00a0\u00bbAvez- vous des questions ou besoin d&rsquo;aide?\u00a0\u00bb font_container=\u00a0\u00bbtag:h2|text_align:center\u00a0\u00bb google_fonts=\u00a0\u00bbfont_family:Poppins%3Aregular|font_style:700%20bold%20regular%3A700%3Anormal\u00a0\u00bb][vc_column_text]<\/p>\n<p style=\"text-align: center;\"><span class=\"NormalTextRun SpellingErrorV2 SpellingErrorHighlight SCXW267383474 BCX0\" data-ccp-parastyle=\"Normal (Web)\">Veuillez<\/span><span class=\"NormalTextRun SCXW267383474 BCX0\" data-ccp-parastyle=\"Normal (Web)\">\u00a0nous\u00a0<\/span><span class=\"NormalTextRun SpellingErrorV2 SCXW267383474 BCX0\" data-ccp-parastyle=\"Normal (Web)\">contacter<\/span><span class=\"NormalTextRun SCXW267383474 BCX0\" data-ccp-parastyle=\"Normal (Web)\">\u00a0<\/span><span class=\"NormalTextRun SpellingErrorV2 SCXW267383474 BCX0\" data-ccp-parastyle=\"Normal (Web)\">si<\/span><span class=\"NormalTextRun SCXW267383474 BCX0\" data-ccp-parastyle=\"Normal (Web)\">\u00a0<\/span><span class=\"NormalTextRun SpellingErrorV2 SCXW267383474 BCX0\" data-ccp-parastyle=\"Normal (Web)\">vous<\/span><span class=\"NormalTextRun SCXW267383474 BCX0\" data-ccp-parastyle=\"Normal (Web)\">\u00a0<\/span><span class=\"NormalTextRun SpellingErrorV2 SCXW267383474 BCX0\" data-ccp-parastyle=\"Normal (Web)\">avez<\/span><span class=\"NormalTextRun SCXW267383474 BCX0\" data-ccp-parastyle=\"Normal (Web)\">\u00a0des questions\u00a0<\/span><span class=\"NormalTextRun SpellingErrorV2 SCXW267383474 BCX0\" data-ccp-parastyle=\"Normal (Web)\">ou<\/span><span class=\"NormalTextRun SCXW267383474 BCX0\" data-ccp-parastyle=\"Normal (Web)\">\u00a0<\/span><span class=\"NormalTextRun SpellingErrorV2 SCXW267383474 BCX0\" data-ccp-parastyle=\"Normal (Web)\">si<\/span><span class=\"NormalTextRun SCXW267383474 BCX0\" data-ccp-parastyle=\"Normal (Web)\">\u00a0<\/span><span class=\"NormalTextRun SpellingErrorV2 SCXW267383474 BCX0\" data-ccp-parastyle=\"Normal (Web)\">vous<\/span><span class=\"NormalTextRun SCXW267383474 BCX0\" data-ccp-parastyle=\"Normal (Web)\">\u00a0<\/span><span class=\"NormalTextRun SpellingErrorV2 SCXW267383474 BCX0\" data-ccp-parastyle=\"Normal (Web)\">avez<\/span><span class=\"NormalTextRun SCXW267383474 BCX0\" data-ccp-parastyle=\"Normal (Web)\">\u00a0<\/span><span class=\"NormalTextRun SpellingErrorV2 SCXW267383474 BCX0\" data-ccp-parastyle=\"Normal (Web)\">besoin<\/span><span class=\"NormalTextRun SCXW267383474 BCX0\" data-ccp-parastyle=\"Normal (Web)\">\u00a0<\/span><span class=\"NormalTextRun SpellingErrorV2 SCXW267383474 BCX0\" data-ccp-parastyle=\"Normal (Web)\">d&rsquo;aide<\/span><span class=\"NormalTextRun SCXW267383474 BCX0\" data-ccp-parastyle=\"Normal (Web)\">. Nous\u00a0<\/span><span class=\"NormalTextRun SpellingErrorV2 SCXW267383474 BCX0\" data-ccp-parastyle=\"Normal (Web)\">sommes<\/span><span class=\"NormalTextRun SCXW267383474 BCX0\" data-ccp-parastyle=\"Normal (Web)\">\u00a0<\/span><span class=\"NormalTextRun SpellingErrorV2 SCXW267383474 BCX0\" data-ccp-parastyle=\"Normal (Web)\">l\u00e0<\/span><span class=\"NormalTextRun SCXW267383474 BCX0\" data-ccp-parastyle=\"Normal (Web)\">\u00a0et\u00a0<\/span><span class=\"NormalTextRun SpellingErrorV2 SCXW267383474 BCX0\" data-ccp-parastyle=\"Normal (Web)\">heureux<\/span><span class=\"NormalTextRun SCXW267383474 BCX0\" data-ccp-parastyle=\"Normal (Web)\">\u00a0de\u00a0<\/span><span class=\"NormalTextRun SpellingErrorV2 SCXW267383474 BCX0\" data-ccp-parastyle=\"Normal (Web)\">vous<\/span><span class=\"NormalTextRun SCXW267383474 BCX0\" data-ccp-parastyle=\"Normal (Web)\">\u00a0aider!<\/span><\/p>\n<p>[\/vc_column_text][vc_btn title=\u00a0\u00bbContactez-nous\u00a0\u00bb style=\u00a0\u00bbcustom\u00a0\u00bb custom_background=\u00a0\u00bb#f37121&Prime; custom_text=\u00a0\u00bb#ffffff\u00a0\u00bb align=\u00a0\u00bbcenter\u00a0\u00bb][\/vc_column][vc_column width=\u00a0\u00bb1\/6&Prime;][\/vc_column][\/vc_row][\/vc_section]<\/p>\n<\/div>","protected":false},"excerpt":{"rendered":"<p>[vc_row][vc_column][vc_custom_heading text=\u00a0\u00bbD\u00e9couvrez nos outils de collecte de fonds\u00a0\u00bb font_container=\u00a0\u00bbtag:h2|text_align:center\u00a0\u00bb google_fonts=\u00a0\u00bbfont_family:Poppins%3Aregular|font_style:700%20bold%20regular%3A700%3Anormal\u00a0\u00bb][vc_column_text] Notre objectif est de vous aider \u00e0 atteindre votre objectif\u2026<\/p>\n","protected":false},"author":4,"featured_media":0,"parent":0,"menu_order":0,"comment_status":"closed","ping_status":"closed","template":"","meta":{"footnotes":""},"class_list":["post-3899","page","type-page","status-publish","hentry"],"_links":{"self":[{"href":"https:\/\/www.worldpartnershipwalk.com\/fr\/wp-json\/wp\/v2\/pages\/3899","targetHints":{"allow":["GET"]}}],"collection":[{"href":"https:\/\/www.worldpartnershipwalk.com\/fr\/wp-json\/wp\/v2\/pages"}],"about":[{"href":"https:\/\/www.worldpartnershipwalk.com\/fr\/wp-json\/wp\/v2\/types\/page"}],"author":[{"embeddable":true,"href":"https:\/\/www.worldpartnershipwalk.com\/fr\/wp-json\/wp\/v2\/users\/4"}],"replies":[{"embeddable":true,"href":"https:\/\/www.worldpartnershipwalk.com\/fr\/wp-json\/wp\/v2\/comments?post=3899"}],"version-history":[{"count":34,"href":"https:\/\/www.worldpartnershipwalk.com\/fr\/wp-json\/wp\/v2\/pages\/3899\/revisions"}],"predecessor-version":[{"id":9558,"href":"https:\/\/www.worldpartnershipwalk.com\/fr\/wp-json\/wp\/v2\/pages\/3899\/revisions\/9558"}],"wp:attachment":[{"href":"https:\/\/www.worldpartnershipwalk.com\/fr\/wp-json\/wp\/v2\/media?parent=3899"}],"curies":[{"name":"wp","href":"https:\/\/api.w.org\/{rel}","templated":true}]}}