{"id":3911,"date":"2021-06-02T15:32:00","date_gmt":"2021-06-02T15:32:00","guid":{"rendered":"https:\/\/2021.worldpartnershipwalk.com\/qui-nous-sommes\/"},"modified":"2026-03-02T18:42:04","modified_gmt":"2026-03-02T18:42:04","slug":"qui-nous-sommes","status":"publish","type":"page","link":"https:\/\/www.worldpartnershipwalk.com\/fr\/qui-nous-sommes\/","title":{"rendered":"\u00c0 propos de la marche"},"content":{"rendered":"<div class=\"wpb-content-wrapper\"><p>[vc_section][vc_row content_placement=\u00a0\u00bbmiddle\u00a0\u00bb][vc_column width=\u00a0\u00bb1\/2&Prime;][vc_custom_heading text=\u00a0\u00bbPourquoi marchons-nous\u00a0\u00bb google_fonts=\u00a0\u00bbfont_family:Poppins%3Aregular|font_style:700%20bold%20regular%3A700%3Anormal\u00a0\u00bb][vc_column_text css=\u00a0\u00bb\u00a0\u00bb]En 1985, un groupe de femmes de Vancouver a d\u00e9cid\u00e9 d\u2019amasser des fonds en vue de soutenir le travail de la Fondation. Toutes originaires d\u2019Afrique ou d\u2019Asie, ces femmes souhaitaient redonner aux communaut\u00e9s qu\u2019elles avaient quitt\u00e9es. Elles ont persuad\u00e9 1 000 autres Canadiennes et Canadiens de participer avec elles \u00e0 une marche pour lutter contre la pauvret\u00e9 dans le monde. Elles ont ainsi recueilli 55 000 $. Cette premi\u00e8re marche est devenue un \u00e9v\u00e9nement annuel avec le soutien de dizaines de milliers de b\u00e9n\u00e9voles, d\u2019entreprises commanditaires et de participants. Quarante ans plus tard, la Marche des partenaires mondiaux a recueilli plus de 151 millions de dollars \u2013 ce qui en fait le plus important \u00e9v\u00e9nement canadien de soutien au d\u00e9veloppement international.[\/vc_column_text][\/vc_column][vc_column width=\u00a0\u00bb1\/2&Prime;][vc_video link=\u00a0\u00bbhttps:\/\/www.youtube.com\/watch?v=8Hv3Cbt2CqQ\u00a0\u00bb][\/vc_column][\/vc_row][vc_row][vc_column][vc_empty_space height=\u00a0\u00bb75px\u00a0\u00bb][\/vc_column][\/vc_row][\/vc_section][vc_section full_width=\u00a0\u00bbstretch_row\u00a0\u00bb css=\u00a0\u00bb.vc_custom_1772476903029{background-color: #F3704924 !important;}\u00a0\u00bb][vc_row content_placement=\u00a0\u00bbmiddle\u00a0\u00bb][vc_column width=\u00a0\u00bb1\/2&Prime;][vc_video link=\u00a0\u00bbhttps:\/\/youtu.be\/8-9fMWJf-O8?si=Jeg9uBMiAJE9V2EN\u00a0\u00bb css=\u00a0\u00bb\u00a0\u00bb][\/vc_column][vc_column width=\u00a0\u00bb1\/2&Prime;][vc_custom_heading text=\u00a0\u00bb\u00c0 propos de la Fondation Aga Khan Canada\u00a0\u00bb google_fonts=\u00a0\u00bbfont_family:Poppins%3Aregular|font_style:700%20bold%20regular%3A700%3Anormal\u00a0\u00bb][vc_column_text css=\u00a0\u00bb\u00a0\u00bb]La Fondation Aga Khan Canada (la Fondation) est \u00e0 la fois un organisme de d\u00e9veloppement international et un organisme de bienfaisance enregistr\u00e9 r\u00e9solu \u00e0 mettre un terme au cycle de la pauvret\u00e9. Depuis 1980, nous collaborons avec des Canadiennes et des Canadiens et des communaut\u00e9s en Afrique et en Asie pour aider des millions de personnes \u00e0 atteindre leur plein potentiel et b\u00e2tir un avenir meilleur.<\/p>\n<p>Au Canada, nous favorisons les occasions de discussions et d\u2019apprentissage sur les enjeux mondiaux, nous tirons parti de l\u2019expertise canadienne pour renforcer notre travail de d\u00e9veloppement, et nous \u00e9tablissons des partenariats avec des institutions canadiennes. Gr\u00e2ce \u00e0 notre r\u00e9seau de d\u00e9vou\u00e9s b\u00e9n\u00e9voles, nous recueillons chaque ann\u00e9e des millions de dollars pour soutenir nos efforts de d\u00e9veloppement.[\/vc_column_text][\/vc_column][\/vc_row][\/vc_section][vc_section full_width=\u00a0\u00bbstretch_row\u00a0\u00bb css=\u00a0\u00bb.vc_custom_1615329328188{background-color: #ffffff !important;}\u00a0\u00bb][vc_row content_placement=\u00a0\u00bbmiddle\u00a0\u00bb css=\u00a0\u00bb.vc_custom_1615331290016{border-radius: 20px !important;}\u00a0\u00bb][vc_column width=\u00a0\u00bb1\/6&Prime;][\/vc_column][vc_column width=\u00a0\u00bb2\/3&Prime;][vc_custom_heading text=\u00a0\u00bbJoignez-vous \u00e0 nous\u00a0\u00bb font_container=\u00a0\u00bbtag:h2|text_align:center\u00a0\u00bb google_fonts=\u00a0\u00bbfont_family:Poppins%3Aregular|font_style:700%20bold%20regular%3A700%3Anormal\u00a0\u00bb][vc_column_text]<\/p>\n<div id=\"tw-container\" class=\"YQaNob\" data-cp=\"1\" data-is-ver=\"false\" data-nnttsvi=\"1\" data-sm=\"1\" data-sugg-time=\"500\" data-sugg-url=\"https:\/\/clients1.google.com\/complete\/search\" data-uilc=\"en\">\n<div id=\"tw-ob\" class=\"tw-src-ltr\">\n<div class=\"oSioSc\">\n<div id=\"tw-target\">\n<div id=\"kAz1tf\" class=\"g9WsWb\">\n<div id=\"tw-target-text-container\" class=\"tw-ta-container hide-focus-ring tw-nfl\" tabindex=\"0\">\n<p id=\"tw-target-text\" class=\"tw-data-text tw-text-large XcVN5d tw-ta\" dir=\"ltr\" style=\"text-align: center;\" data-placeholder=\"Translation\"><span class=\"Y2IQFc\" lang=\"fr\">Joignez-vous \u00e0 la Marche des partenaires mondiaux pour lutter contre la pauvret\u00e9 dans le monde et inspirer l&rsquo;espoir \u00e0 des milliers de Canadiens d&rsquo;un oc\u00e9an \u00e0 l&rsquo;autre!<\/span><\/p>\n<\/div>\n<div id=\"tw-tmenu\" class=\"tw-menu\"><\/div>\n<\/div>\n<\/div>\n<\/div>\n<\/div>\n<div><\/div>\n<\/div>\n<p>[\/vc_column_text][vc_btn title=\u00a0\u00bbS&rsquo;inscrire\u00a0\u00bb style=\u00a0\u00bbcustom\u00a0\u00bb custom_background=\u00a0\u00bb#F37049&Prime; custom_text=\u00a0\u00bb#ffffff\u00a0\u00bb size=\u00a0\u00bblg\u00a0\u00bb align=\u00a0\u00bbcenter\u00a0\u00bb css=\u00a0\u00bb.vc_custom_1772476916141{background-color: #ffffff !important;}\u00a0\u00bb link=\u00a0\u00bburl:https%3A%2F%2Fwww.worldpartnershipwalk.com%2Ffr%2Fsinscrire%2F|title:S%27inscrire|\u00a0\u00bb][\/vc_column][vc_column width=\u00a0\u00bb1\/6&Prime;][\/vc_column][\/vc_row][\/vc_section]<\/p>\n<\/div>","protected":false},"excerpt":{"rendered":"<p>[vc_section][vc_row content_placement=\u00a0\u00bbmiddle\u00a0\u00bb][vc_column width=\u00a0\u00bb1\/2&Prime;][vc_custom_heading text=\u00a0\u00bbPourquoi marchons-nous\u00a0\u00bb google_fonts=\u00a0\u00bbfont_family:Poppins%3Aregular|font_style:700%20bold%20regular%3A700%3Anormal\u00a0\u00bb][vc_column_text css=\u00a0\u00bb\u00a0\u00bb]En 1985, un groupe de femmes de Vancouver a d\u00e9cid\u00e9 d\u2019amasser des fonds en\u2026<\/p>\n","protected":false},"author":2,"featured_media":0,"parent":0,"menu_order":0,"comment_status":"closed","ping_status":"closed","template":"","meta":{"footnotes":""},"class_list":["post-3911","page","type-page","status-publish","hentry"],"_links":{"self":[{"href":"https:\/\/www.worldpartnershipwalk.com\/fr\/wp-json\/wp\/v2\/pages\/3911","targetHints":{"allow":["GET"]}}],"collection":[{"href":"https:\/\/www.worldpartnershipwalk.com\/fr\/wp-json\/wp\/v2\/pages"}],"about":[{"href":"https:\/\/www.worldpartnershipwalk.com\/fr\/wp-json\/wp\/v2\/types\/page"}],"author":[{"embeddable":true,"href":"https:\/\/www.worldpartnershipwalk.com\/fr\/wp-json\/wp\/v2\/users\/2"}],"replies":[{"embeddable":true,"href":"https:\/\/www.worldpartnershipwalk.com\/fr\/wp-json\/wp\/v2\/comments?post=3911"}],"version-history":[{"count":23,"href":"https:\/\/www.worldpartnershipwalk.com\/fr\/wp-json\/wp\/v2\/pages\/3911\/revisions"}],"predecessor-version":[{"id":9537,"href":"https:\/\/www.worldpartnershipwalk.com\/fr\/wp-json\/wp\/v2\/pages\/3911\/revisions\/9537"}],"wp:attachment":[{"href":"https:\/\/www.worldpartnershipwalk.com\/fr\/wp-json\/wp\/v2\/media?parent=3911"}],"curies":[{"name":"wp","href":"https:\/\/api.w.org\/{rel}","templated":true}]}}