{"id":4040,"date":"2021-06-09T20:03:39","date_gmt":"2021-06-09T20:03:39","guid":{"rendered":"https:\/\/2021.worldpartnershipwalk.com\/politique-de-confidentialite\/"},"modified":"2023-04-27T20:47:48","modified_gmt":"2023-04-27T20:47:48","slug":"politique-de-confidentialite","status":"publish","type":"page","link":"https:\/\/www.worldpartnershipwalk.com\/fr\/politique-de-confidentialite\/","title":{"rendered":"Politique de confidentialit\u00e9"},"content":{"rendered":"<div class=\"wpb-content-wrapper\"><p>[vc_row][vc_column][vc_column_text]<\/p>\n<h1>Politique de confidentialit\u00e9<\/h1>\n<p>La Marche des partenaires mondiaux a cr\u00e9\u00e9 cette politique de confidentialit\u00e9 pour expliquer pourquoi nous recueillons des renseignements personnels particuliers et comment nous prot\u00e9geons votre vie priv\u00e9e sur notre site Web. Ce document d\u00e9crit nos pratiques de collecte et de diffusion des renseignements dans le site Web situ\u00e9 \u00e0 l\u2019adresse <a href=\"http:\/\/www.worldpartnershipwalk.com\/fr\/\">www.worldpartnershipwalk.com\/fr\/<\/a>.<\/p>\n<p>Nous voulons vous aider \u00e0 bien comprendre vos droits. \u00c0 cette fin, nous vous encourageons \u00e0 lire cette politique de confidentialit\u00e9 ainsi que nos conditions d\u2019utilisation. La Marche des partenaires mondiaux se r\u00e9serve le droit, \u00e0 tout moment et sans pr\u00e9avis, de modifier cette politique de confidentialit\u00e9 en publiant simplement ces modifications sur son site. Toute modification entrera en vigueur d\u00e8s sa publication.<\/p>\n<p>La protection de votre vie priv\u00e9e nous tient \u00e0 c\u0153ur. Ainsi, la pr\u00e9sente politique de confidentialit\u00e9 vise \u00e0 vous fournir les informations suivantes :<\/p>\n<ul>\n<li>Quels renseignements personnels identifiables vous concernant sont recueillis par le biais du site;<\/li>\n<li>Qui collecte ces renseignements;<\/li>\n<li>Comment ces renseignements sont utilis\u00e9s;<\/li>\n<li>Avec qui vos renseignements peuvent \u00eatre partag\u00e9s;<\/li>\n<li>Les choix qui s\u2019offrent \u00e0 vous en ce qui concerne la collecte, l\u2019utilisation et la distribution de vos renseignements personnels;<\/li>\n<li>Le type de proc\u00e9dures de s\u00e9curit\u00e9 mises en place pour prot\u00e9ger la perte, l\u2019utilisation abusive ou l\u2019alt\u00e9ration des renseignements sous notre contr\u00f4le; et<\/li>\n<li>La mani\u00e8re dont vous pouvez corriger toute inexactitude dans vos renseignements personnels.<\/li>\n<\/ul>\n<p>Si vous avez des questions relatives \u00e0 cette d\u00e9claration, veuillez \u00e9crire \u00e0 l\u2019\u00e9quipe de la Marche des partenaires mondiaux\u00a0: <a href=\"mailto:info@worldpartnershipwalk.com\">info@worldpartnershipwalk.com<\/a>, en indiquant \u00ab\u00a0Politique de confidentialit\u00e9\u00a0\u00bb dans l\u2019objet de votre message.<\/p>\n<p><strong>Quels renseignements personnels nous recueillons et comment nous les utilisons :<\/strong><\/p>\n<p>Nous ne vendons pas, ne louons pas et n\u2019\u00e9changeons pas de renseignements personnels avec des tiers. En r\u00e8gle g\u00e9n\u00e9rale, nous ne communiquons pas votre nom, votre adresse postale ou votre adresse \u00e9lectronique \u00e0 d\u2019autres organisations. Nous pouvons partager vos renseignements avec des tiers dans les situations suivantes : a) pour r\u00e9pondre \u00e0 votre demande; b) pour externaliser une ou plusieurs des fonctions d\u00e9crites ci-dessus; c) pour travailler avec des tiers qui peuvent utiliser des t\u00e9moins, des balises Web et des technologies similaires en vue de collecter ou recevoir des renseignements \u00e0 partir de notre site Web et ailleurs sur Internet et utiliser ces renseignements pour fournir des services de mesure et des publicit\u00e9s cibl\u00e9es; ou d) partage avec des autorit\u00e9s en r\u00e9ponse \u00e0 un ordre juridique ou \u00e0 une demande officielle, ou lorsque nous pensons que vous avez agi en violation de nos conditions d\u2019utilisation. Pour obtenir de plus amples informations sur la publicit\u00e9 cibl\u00e9e en ligne et pour mieux comprendre vos droits en tant que consommateur, veuillez consulter le <a href=\"https:\/\/youradchoices.ca\/fr\/en-savoir-plus\/\">site Web<\/a> de l\u2019Alliance de la publicit\u00e9 num\u00e9rique du Canada. Si vous souhaitez vous d\u00e9sinscrire de la publicit\u00e9 en ligne bas\u00e9e sur les centres d\u2019int\u00e9r\u00eat, veuillez cliquer <a href=\"https:\/\/youradchoices.ca\/fr\/en-savoir-plus\/\">ici<\/a>.<\/p>\n<p>Lorsque vous achetez quelque chose dans notre boutique \u00e9lectronique, nous recueillons, dans le cadre du processus d\u2019achat et de vente, les renseignements personnels que vous nous communiquez, tels que votre nom, votre adresse postale et votre adresse \u00e9lectronique.<\/p>\n<p>Lorsque vous naviguez dans notre magasin, nous recevons aussi automatiquement l\u2019adresse IP (Internet Protocol) de votre ordinateur, ce qui nous aide \u00e0 conna\u00eetre votre navigateur et votre syst\u00e8me d\u2019exploitation.<\/p>\n<p><strong>Adresse de protocole Internet (adresse IP)\u00a0:<\/strong><br \/>\nNous recueillons l\u2019adresse IP de tous les visiteurs sur notre site. Une adresse IP est un num\u00e9ro qui est automatiquement attribu\u00e9 \u00e0 votre ordinateur lorsque vous utilisez Internet. Nous utilisons les adresses IP pour diagnostiquer les probl\u00e8mes de notre serveur, administrer notre site, analyser les tendances, suivre les mouvements des utilisateurs, recueillir des informations d\u00e9mographiques g\u00e9n\u00e9rales pour une utilisation globale afin d\u2019am\u00e9liorer le site et de fournir un contenu adapt\u00e9 et personnalis\u00e9. Les adresses IP ne sont pas li\u00e9es \u00e0 des renseignements personnellement identifiables.<\/p>\n<p><strong>Consentement :<\/strong><br \/>\nComment obtenez-vous mon consentement ?<\/p>\n<p>Lorsque vous nous fournissez des renseignements personnels pour effectuer une transaction, v\u00e9rifier votre carte de cr\u00e9dit, passer une commande, organiser une livraison ou retourner un achat, vous consentez automatiquement \u00e0 ce que nous recueillions ces renseignements et les utilisions uniquement \u00e0 ces fins.<\/p>\n<p>Si nous vous demandons vos renseignements personnels pour une raison secondaire, comme le marketing, nous vous demanderons directement votre consentement explicite ou nous vous donnerons la possibilit\u00e9 de refuser.<\/p>\n<p>Comment puis-je retirer mon consentement?<\/p>\n<p>Si vous changez d\u2019avis apr\u00e8s avoir choisi de participer, vous pouvez nous \u00e9crire \u00e0 tout moment \u00e0 <a href=\"mailto:info@WorldPartnershipwalk.com\">info@WorldPartnershipwalk.com<\/a> pour retirer votre consentement. Nous cesserons alors de vous contacter et de collecter, utiliser ou divulguer vos renseignements personnels.<\/p>\n<p><strong>SHOPIFY\u00a0:<\/strong><br \/>\nNotre boutique en ligne est h\u00e9berg\u00e9e sur Shopify Inc. Cette soci\u00e9t\u00e9 nous fournit la plateforme de commerce \u00e9lectronique en ligne qui nous permet de vous vendre nos produits et services.<\/p>\n<p>Vos donn\u00e9es sont entrepos\u00e9es au moyen de l\u2019outil de stockage de donn\u00e9es de Shopify, des bases de donn\u00e9es et de l\u2019application g\u00e9n\u00e9rale de Shopify. Elles sont sauvegard\u00e9es sur un serveur s\u00e9curis\u00e9 muni d\u2019un pare-feu.<\/p>\n<p><strong>Paiements\u00a0:<\/strong><br \/>\nSi vous choisissez une passerelle de paiement direct pour effectuer vos achats, Shopify stocke les donn\u00e9es relatives \u00e0 votre carte de cr\u00e9dit. Ces donn\u00e9es sont crypt\u00e9es conform\u00e9ment \u00e0 la norme de s\u00e9curit\u00e9 des donn\u00e9es de l\u2019industrie des cartes de paiement (PCI-DSS). Les donn\u00e9es relatives \u00e0 votre transaction d\u2019achat ne sont stock\u00e9es que le temps n\u00e9cessaire \u00e0 la r\u00e9alisation de votre transaction d\u2019achat. Une fois la transaction termin\u00e9e, elles sont supprim\u00e9es.<\/p>\n<p>Toutes les passerelles de paiement direct adh\u00e8rent aux normes d\u00e9finies par PCI-DSS \u2013 g\u00e9r\u00e9es par le Conseil des normes de s\u00e9curit\u00e9 PCI \u2013 qui est un effort conjoint de marques telles que Visa, Mastercard, American Express et Discover.<\/p>\n<p>Les exigences relatives \u00e0 la norme PCI-DSS permettent de garantir le traitement s\u00e9curis\u00e9 des renseignements de cartes de cr\u00e9dit par notre boutique et ses prestataires de services.<\/p>\n<p>Pour en savoir plus, veuillez consulter les conditions d\u2019utilisation de Shopify (<a href=\"http:\/\/www.shopify.com\/legal\/terms\">www.shopify.com\/legal\/terms<\/a>) ou sa d\u00e9claration de confidentialit\u00e9 (<a href=\"http:\/\/www.shopify.com\/legal\/privacy\">www.shopify.com\/legal\/privacy<\/a>).<\/p>\n<p><strong>Services de tiers\u00a0:<\/strong><\/p>\n<p>En g\u00e9n\u00e9ral, les fournisseurs tiers auxquels nous faisons appel ne collectent, n\u2019utilisent et ne divulguent vos renseignements personnels que dans la mesure o\u00f9 cela est n\u00e9cessaire pour leur permettre d\u2019ex\u00e9cuter les services qu\u2019ils nous fournissent.<\/p>\n<p>Toutefois, certains prestataires de services tiers, tels que les passerelles de paiement et autres processeurs de transactions de paiement, ont leurs propres politiques de confidentialit\u00e9 en ce qui concerne les renseignements que nous sommes tenus de leur fournir pour les transactions li\u00e9es \u00e0 vos achats.<\/p>\n<p>Nous vous recommandons de lire les politiques de confidentialit\u00e9 de ces fournisseurs afin de comprendre la mani\u00e8re dont ils traiteront vos renseignements personnels.<\/p>\n<p>En particulier, n\u2019oubliez pas que certains fournisseurs peuvent \u00eatre situ\u00e9s ou avoir des installations situ\u00e9es dans une juridiction diff\u00e9rente de la v\u00f4tre ou de la n\u00f4tre. Ainsi, si vous d\u00e9cidez de proc\u00e9der \u00e0 une transaction impliquant les services d\u2019un prestataire tiers, vos renseignements peuvent \u00eatre soumis aux lois de la (des) juridiction(s) dans laquelle (lesquelles) ce prestataire ou ses installations sont situ\u00e9s.<\/p>\n<p>Par exemple, si vous \u00eates au Canada et que votre transaction est trait\u00e9e par une passerelle de paiement situ\u00e9e aux \u00c9tats-Unis, vos renseignements personnels utilis\u00e9s pour r\u00e9aliser cette transaction peuvent \u00eatre divulgu\u00e9s en vertu de la l\u00e9gislation am\u00e9ricaine, y compris le Patriot Act.<\/p>\n<p>D\u00e8s que vous quittez le site Web de notre boutique ou qu\u2019on vous redirige vers le site Web ou l\u2019application d\u2019un tiers, vous n\u2019\u00eates plus r\u00e9gi(e) par la pr\u00e9sente politique de confidentialit\u00e9 ni par les conditions de service de notre site Web.<\/p>\n<p><strong>Utilisation de t\u00e9moins\u00a0:<\/strong><\/p>\n<p>Notre site peut utiliser des t\u00e9moins pour am\u00e9liorer votre exp\u00e9rience. Les t\u00e9moins sont des \u00e9l\u00e9ments d\u2019information que certains sites Web transf\u00e8rent \u00e0 l\u2019ordinateur qui navigue sur ce site Web et qui sont utilis\u00e9s \u00e0 des fins d\u2019archivage par de nombreux sites Web. L\u2019utilisation de t\u00e9moins facilite la navigation sur le Web en remplissant certaines fonctions telles que l\u2019enregistrement de vos mots de passe, de vos pr\u00e9f\u00e9rences personnelles li\u00e9es \u00e0 l\u2019utilisation d\u2019un site Web particulier et pour s\u2019assurer que vous ne voyez pas la m\u00eame publicit\u00e9 \u00e0 plusieurs reprises. L\u2019utilisation des t\u00e9moins est g\u00e9n\u00e9ralement consid\u00e9r\u00e9e comme une norme industrielle.<\/p>\n<p>Votre navigateur est probablement configur\u00e9 pour accepter les t\u00e9moins. Toutefois, si vous pr\u00e9f\u00e9rez ne pas recevoir de t\u00e9moins, vous pouvez modifier la configuration de votre navigateur pour les refuser. Si vous choisissez de faire en sorte que votre navigateur refuse les t\u00e9moins, il est possible que certaines sections de notre site ne fonctionnent pas correctement.<\/p>\n<p>Voici une liste des t\u00e9moins utilis\u00e9s dans notre boutique en ligne. Nous les avons \u00e9num\u00e9r\u00e9s ici pour que vous puissiez choisir de les refuser ou non.<\/p>\n<p>_session_id, jeton unique, sessionnel, permet \u00e0 Shopify de stocker des informations sur votre session (r\u00e9f\u00e9rent, page d\u2019atterrissage, etc.).<\/p>\n<p>shopify_visit, aucune donn\u00e9e conserv\u00e9e, persiste pendant 30 minutes \u00e0 compter de la derni\u00e8re visite, utilis\u00e9 par le syst\u00e8me de suivi statistique interne de notre fournisseur de site Web pour enregistrer le nombre de visites.<\/p>\n<p>_shopify_uniq, aucune donn\u00e9e conserv\u00e9e, expire \u00e0 minuit (heure du visiteur) le jour suivant, comptabilise le nombre de visites d\u2019un client dans une boutique.<\/p>\n<p>cart, jeton unique, persiste pendant deux semaines, stocke des informations sur le contenu de votre panier.<\/p>\n<p>_secure_session_id, jeton unique, sessionnel<\/p>\n<p>storefront_digest, jeton unique, ind\u00e9fini. Si la boutique dispose d\u2019un mot de passe, celui-ci est utilis\u00e9 pour d\u00e9terminer si le visiteur actuel y a acc\u00e8s.<\/p>\n<p><strong>S\u00e9curit\u00e9 :<\/strong><br \/>\nTous les renseignements fournis \u00e0 la Marche des partenaires mondiaux et \u00e0 notre boutique en ligne sont transmis \u00e0 l\u2019aide d\u2019un syst\u00e8me de cryptage SSL (Secure Socket Layer). Si vous nous fournissez vos renseignements de carte de cr\u00e9dit pour acheter un produit dans notre boutique en ligne, ces renseignements sont crypt\u00e9s \u00e0 l\u2019aide de la technologie SSL et stock\u00e9s avec un cryptage AES-256. SSL est un syst\u00e8me de codage \u00e9prouv\u00e9 qui permet \u00e0 votre navigateur de crypter ou de brouiller automatiquement les donn\u00e9es avant de nous les envoyer. Nous prot\u00e9geons \u00e9galement les renseignements relatifs \u00e0 votre compte en les pla\u00e7ant dans une section s\u00e9curis\u00e9e de notre site qui n\u2019est accessible qu\u2019\u00e0 certains employ\u00e9s qualifi\u00e9s de la Marche des partenaires mondiaux. Malheureusement, aucune transmission de donn\u00e9es sur Internet n\u2019est s\u00fbre \u00e0 100 %. Bien que nous nous efforcions de prot\u00e9ger vos renseignements, nous ne pouvons pas assurer ou garantir leur s\u00e9curit\u00e9.<\/p>\n<p><strong>Recommandations\u00a0:<\/strong><br \/>\nSi un utilisateur choisit d\u2019utiliser notre service de recommandation pour informer un(e) ami(e) de notre site, nous lui demandons le nom et l\u2019adresse \u00e9lectronique de cette personne. La Marche des partenaires mondiaux enverra automatiquement \u00e0 l\u2019ami(e) un courriel unique l\u2019invitant \u00e0 visiter le site. La Marche des partenaires mondiaux stocke ces renseignements dans le seul but d\u2019envoyer ce courriel unique.<\/p>\n<p><strong>Changements \u00e0 la Politique sur la confidentialit\u00e9\u00a0:<\/strong><\/p>\n<p>Nous nous r\u00e9servons le droit de modifier cette politique de confidentialit\u00e9 \u00e0 tout moment. Les modifications et clarifications prendront effet imm\u00e9diatement apr\u00e8s leur publication sur le site Web. Si nous apportons des modifications importantes \u00e0 la pr\u00e9sente politique, nous vous aviserons ici qu\u2019elle a \u00e9t\u00e9 mise \u00e0 jour, afin que vous sachiez quels renseignements nous recueillons, comment nous les utilisons et dans quelles circonstances, le cas \u00e9ch\u00e9ant, nous les utilisons et\/ou les divulguons.<\/p>\n<p>Si notre boutique est acquise ou fusionn\u00e9e avec une autre soci\u00e9t\u00e9, vos renseignements peuvent \u00eatre transf\u00e9r\u00e9s aux nouveaux propri\u00e9taires afin que nous puissions continuer de vous vendre des produits.<\/p>\n<p><strong>Sites Web tiers\u00a0:<\/strong><br \/>\nNotre site et notre boutique en ligne contiennent des liens vers des sites Web tiers. Veuillez noter que lorsque vous cliquez sur l\u2019un de ces liens, vous acc\u00e9dez \u00e0 un autre site Web pour lequel la Marche des partenaires mondiaux n\u2019a aucune responsabilit\u00e9. Nous vous encourageons \u00e0 lire les d\u00e9clarations de confidentialit\u00e9 de ces sites, puisque leurs politiques peuvent \u00eatre diff\u00e9rentes des n\u00f4tres.<\/p>\n<p><strong>Contacter le site Web :<\/strong><br \/>\nSi vous avez des questions concernant la pr\u00e9sente Politique de confidentialit\u00e9, les pratiques de ce site ou vos relations avec ce site, veuillez \u00e9crire \u00e0 <a href=\"mailto:info@WorldPartnershipWalk.com\">info@WorldPartnershipWalk.com<\/a>.[\/vc_column_text][\/vc_column][\/vc_row]<\/p>\n<\/div>","protected":false},"excerpt":{"rendered":"<p>[vc_row][vc_column][vc_column_text] Politique de confidentialit\u00e9 La Marche des partenaires mondiaux a cr\u00e9\u00e9 cette politique de confidentialit\u00e9 pour expliquer pourquoi nous recueillons\u2026<\/p>\n","protected":false},"author":2,"featured_media":0,"parent":0,"menu_order":0,"comment_status":"closed","ping_status":"closed","template":"","meta":{"footnotes":""},"class_list":["post-4040","page","type-page","status-publish","hentry"],"_links":{"self":[{"href":"https:\/\/www.worldpartnershipwalk.com\/fr\/wp-json\/wp\/v2\/pages\/4040","targetHints":{"allow":["GET"]}}],"collection":[{"href":"https:\/\/www.worldpartnershipwalk.com\/fr\/wp-json\/wp\/v2\/pages"}],"about":[{"href":"https:\/\/www.worldpartnershipwalk.com\/fr\/wp-json\/wp\/v2\/types\/page"}],"author":[{"embeddable":true,"href":"https:\/\/www.worldpartnershipwalk.com\/fr\/wp-json\/wp\/v2\/users\/2"}],"replies":[{"embeddable":true,"href":"https:\/\/www.worldpartnershipwalk.com\/fr\/wp-json\/wp\/v2\/comments?post=4040"}],"version-history":[{"count":2,"href":"https:\/\/www.worldpartnershipwalk.com\/fr\/wp-json\/wp\/v2\/pages\/4040\/revisions"}],"predecessor-version":[{"id":7696,"href":"https:\/\/www.worldpartnershipwalk.com\/fr\/wp-json\/wp\/v2\/pages\/4040\/revisions\/7696"}],"wp:attachment":[{"href":"https:\/\/www.worldpartnershipwalk.com\/fr\/wp-json\/wp\/v2\/media?parent=4040"}],"curies":[{"name":"wp","href":"https:\/\/api.w.org\/{rel}","templated":true}]}}