{"id":5591,"date":"2021-10-22T18:18:28","date_gmt":"2021-10-22T18:18:28","guid":{"rendered":"https:\/\/www.worldpartnershipwalk.com\/application-mobile\/"},"modified":"2021-11-12T16:35:51","modified_gmt":"2021-11-12T16:35:51","slug":"application-mobile","status":"publish","type":"page","link":"https:\/\/www.worldpartnershipwalk.com\/fr\/application-mobile\/","title":{"rendered":"Application mobile"},"content":{"rendered":"<div class=\"wpb-content-wrapper\"><p>[vc_row full_width=\u00a0\u00bbstretch_row\u00a0\u00bb equal_height=\u00a0\u00bbyes\u00a0\u00bb content_placement=\u00a0\u00bbmiddle\u00a0\u00bb el_class=\u00a0\u00bblargerscreen\u00a0\u00bb][vc_column width=\u00a0\u00bb1\/2&Prime;][vc_custom_heading text=\u00a0\u00bbT\u00e9l\u00e9chargez l\u2019application de la Marche des partenaires mondiaux\u00a0\u00bb font_container=\u00a0\u00bbtag:h2|font_size:30px|text_align:left\u00a0\u00bb google_fonts=\u00a0\u00bbfont_family:Poppins%3Aregular|font_style:700%20bold%20regular%3A700%3Anormal\u00a0\u00bb][vc_column_text]Avec l&rsquo;application de la Marche, vous pouvez mettre \u00e0 jour votre page personnelle de collecte de fonds, v\u00e9rifier vos progr\u00e8s, envoyer des courriels et partager des messages sur les m\u00e9dias sociaux, tout cela depuis le creux de votre main!<\/p>\n<p><a href=\"https:\/\/play.google.com\/store\/apps\/details?id=com.charitydynamics.agakhan\" target=\"_blank\" rel=\"noopener\"><img loading=\"lazy\" decoding=\"async\" class=\"alignnone size-full wp-image-3359\" src=\"https:\/\/www.worldpartnershipwalk.com\/wp-content\/uploads\/2021\/05\/GooglePlay_logo_fr.png\" alt=\"\" width=\"180\" height=\"59\" \/><\/a><a href=\"https:\/\/apps.apple.com\/ca\/app\/world-partnership-walk\/id519674718\" target=\"_blank\" rel=\"noopener\"><img loading=\"lazy\" decoding=\"async\" class=\"alignnone size-full wp-image-3357\" src=\"https:\/\/www.worldpartnershipwalk.com\/wp-content\/uploads\/2021\/05\/AppeStore_logo_fr.png\" alt=\"\" width=\"180\" height=\"58\" \/><\/a>[\/vc_column_text][\/vc_column][vc_column width=\u00a0\u00bb5\/12&Prime; css=\u00a0\u00bb.vc_custom_1634926375620{background-position: center !important;background-repeat: no-repeat !important;background-size: contain !important;}\u00a0\u00bb][vc_single_image image=\u00a0\u00bb5210&Prime; img_size=\u00a0\u00bbmedium\u00a0\u00bb alignment=\u00a0\u00bbcenter\u00a0\u00bb][\/vc_column][vc_column width=\u00a0\u00bb1\/12&Prime; css=\u00a0\u00bb.vc_custom_1633888203266{background-position: center !important;background-repeat: no-repeat !important;background-size: contain !important;}\u00a0\u00bb][vc_column_text][\/vc_column_text][\/vc_column][\/vc_row][vc_row][vc_column][vc_empty_space][\/vc_column][\/vc_row][vc_row full_width=\u00a0\u00bbstretch_row\u00a0\u00bb equal_height=\u00a0\u00bbyes\u00a0\u00bb content_placement=\u00a0\u00bbmiddle\u00a0\u00bb el_class=\u00a0\u00bblargerscreen\u00a0\u00bb css=\u00a0\u00bb.vc_custom_1634926477327{background-color: #fafafa !important;}\u00a0\u00bb][vc_column width=\u00a0\u00bb5\/12&Prime; css=\u00a0\u00bb.vc_custom_1634926332666{background-position: center !important;background-repeat: no-repeat !important;background-size: contain !important;}\u00a0\u00bb][vc_single_image image=\u00a0\u00bb5576&Prime; img_size=\u00a0\u00bbmedium\u00a0\u00bb alignment=\u00a0\u00bbcenter\u00a0\u00bb][\/vc_column][vc_column width=\u00a0\u00bb1\/2&Prime;][vc_custom_heading text=\u00a0\u00bbSuivez vos pas et relevez de nouveaux d\u00e9fis\u00a0\u00bb font_container=\u00a0\u00bbtag:h3|font_size:30px|text_align:left\u00a0\u00bb google_fonts=\u00a0\u00bbfont_family:Poppins%3Aregular|font_style:700%20bold%20regular%3A700%3Anormal\u00a0\u00bb][vc_column_text]<\/p>\n<p>Cette ann\u00e9e, nous vous invitons \u00e0 faire un pas en avant et \u00e0 marcher autant que vous le pouvez pour combattre la pauvret\u00e9 dans le monde. L&rsquo;application vous permet de suivre vos pas, de relever des d\u00e9fis, de gagner des badges de r\u00e9ussite et d\u2019informer vos amis de vos r\u00e9alisations.<\/p>\n<p>[\/vc_column_text][\/vc_column][vc_column width=\u00a0\u00bb1\/12&Prime; css=\u00a0\u00bb.vc_custom_1633888203266{background-position: center !important;background-repeat: no-repeat !important;background-size: contain !important;}\u00a0\u00bb][vc_column_text][\/vc_column_text][\/vc_column][\/vc_row][vc_row][vc_column][vc_empty_space][\/vc_column][\/vc_row][vc_row full_width=\u00a0\u00bbstretch_row\u00a0\u00bb equal_height=\u00a0\u00bbyes\u00a0\u00bb content_placement=\u00a0\u00bbmiddle\u00a0\u00bb el_class=\u00a0\u00bblargerscreen\u00a0\u00bb][vc_column width=\u00a0\u00bb1\/2&Prime;][vc_custom_heading text=\u00a0\u00bb\u00c9changez avec la communaut\u00e9 de la Marche\u00a0\u00bb font_container=\u00a0\u00bbtag:h3|font_size:30px|text_align:left\u00a0\u00bb google_fonts=\u00a0\u00bbfont_family:Poppins%3Aregular|font_style:700%20bold%20regular%3A700%3Anormal\u00a0\u00bb][vc_column_text]<\/p>\n<p>Vous cherchez \u00e0 \u00e9changer avec votre \u00e9quipe et d\u2019autres participants? La fonction \u00ab Community \u00bb vous permet d\u2019entrer en contact avec des participants d&rsquo;un bout \u00e0 l&rsquo;autre du pays et de discuter avec vos co\u00e9quipiers. Il s\u2019agit d\u2019un espace id\u00e9al pour \u00e9changer des astuces, trouver du soutien et encourager les membres de votre \u00e9quipe ou les autres participants!<\/p>\n<p>[\/vc_column_text][\/vc_column][vc_column width=\u00a0\u00bb5\/12&Prime; css=\u00a0\u00bb.vc_custom_1634926135202{background-position: center !important;background-repeat: no-repeat !important;background-size: contain !important;}\u00a0\u00bb][vc_single_image image=\u00a0\u00bb5578&Prime; img_size=\u00a0\u00bbmedium\u00a0\u00bb alignment=\u00a0\u00bbcenter\u00a0\u00bb][\/vc_column][vc_column width=\u00a0\u00bb1\/12&Prime; css=\u00a0\u00bb.vc_custom_1633888203266{background-position: center !important;background-repeat: no-repeat !important;background-size: contain !important;}\u00a0\u00bb][vc_column_text][\/vc_column_text][\/vc_column][\/vc_row]<\/p>\n<\/div>","protected":false},"excerpt":{"rendered":"<p>[vc_row full_width=\u00a0\u00bbstretch_row\u00a0\u00bb equal_height=\u00a0\u00bbyes\u00a0\u00bb content_placement=\u00a0\u00bbmiddle\u00a0\u00bb el_class=\u00a0\u00bblargerscreen\u00a0\u00bb][vc_column width=\u00a0\u00bb1\/2&Prime;][vc_custom_heading text=\u00a0\u00bbT\u00e9l\u00e9chargez l\u2019application de la Marche des partenaires mondiaux\u00a0\u00bb font_container=\u00a0\u00bbtag:h2|font_size:30px|text_align:left\u00a0\u00bb google_fonts=\u00a0\u00bbfont_family:Poppins%3Aregular|font_style:700%20bold%20regular%3A700%3Anormal\u00a0\u00bb][vc_column_text]Avec l&rsquo;application de la Marche,\u2026<\/p>\n","protected":false},"author":4,"featured_media":0,"parent":0,"menu_order":0,"comment_status":"closed","ping_status":"closed","template":"","meta":{"footnotes":""},"class_list":["post-5591","page","type-page","status-publish","hentry"],"_links":{"self":[{"href":"https:\/\/www.worldpartnershipwalk.com\/fr\/wp-json\/wp\/v2\/pages\/5591","targetHints":{"allow":["GET"]}}],"collection":[{"href":"https:\/\/www.worldpartnershipwalk.com\/fr\/wp-json\/wp\/v2\/pages"}],"about":[{"href":"https:\/\/www.worldpartnershipwalk.com\/fr\/wp-json\/wp\/v2\/types\/page"}],"author":[{"embeddable":true,"href":"https:\/\/www.worldpartnershipwalk.com\/fr\/wp-json\/wp\/v2\/users\/4"}],"replies":[{"embeddable":true,"href":"https:\/\/www.worldpartnershipwalk.com\/fr\/wp-json\/wp\/v2\/comments?post=5591"}],"version-history":[{"count":9,"href":"https:\/\/www.worldpartnershipwalk.com\/fr\/wp-json\/wp\/v2\/pages\/5591\/revisions"}],"predecessor-version":[{"id":6101,"href":"https:\/\/www.worldpartnershipwalk.com\/fr\/wp-json\/wp\/v2\/pages\/5591\/revisions\/6101"}],"wp:attachment":[{"href":"https:\/\/www.worldpartnershipwalk.com\/fr\/wp-json\/wp\/v2\/media?parent=5591"}],"curies":[{"name":"wp","href":"https:\/\/api.w.org\/{rel}","templated":true}]}}